{"id":11450,"date":"2023-05-05T09:28:40","date_gmt":"2023-05-05T09:28:40","guid":{"rendered":"https:\/\/hawkdivemedia.eu\/az-en-szamlam\/"},"modified":"2024-02-21T00:13:39","modified_gmt":"2024-02-21T00:13:39","slug":"az-en-szamlam","status":"publish","type":"page","link":"https:\/\/hawkdivemedia.eu\/hu\/az-en-szamlam\/","title":{"rendered":"Az \u00e9n sz\u00e1ml\u00e1m"},"content":{"rendered":"<div class=\"woocommerce\"><\/div>","protected":false},"excerpt":{"rendered":"","protected":false},"author":1,"featured_media":0,"parent":0,"menu_order":0,"comment_status":"closed","ping_status":"closed","template":"","meta":{"footnotes":""},"class_list":["post-11450","page","type-page","status-publish","hentry"],"_links":{"self":[{"href":"https:\/\/hawkdivemedia.eu\/hu\/wp-json\/wp\/v2\/pages\/11450","targetHints":{"allow":["GET"]}}],"collection":[{"href":"https:\/\/hawkdivemedia.eu\/hu\/wp-json\/wp\/v2\/pages"}],"about":[{"href":"https:\/\/hawkdivemedia.eu\/hu\/wp-json\/wp\/v2\/types\/page"}],"author":[{"embeddable":true,"href":"https:\/\/hawkdivemedia.eu\/hu\/wp-json\/wp\/v2\/users\/1"}],"replies":[{"embeddable":true,"href":"https:\/\/hawkdivemedia.eu\/hu\/wp-json\/wp\/v2\/comments?post=11450"}],"version-history":[{"count":1,"href":"https:\/\/hawkdivemedia.eu\/hu\/wp-json\/wp\/v2\/pages\/11450\/revisions"}],"predecessor-version":[{"id":11454,"href":"https:\/\/hawkdivemedia.eu\/hu\/wp-json\/wp\/v2\/pages\/11450\/revisions\/11454"}],"wp:attachment":[{"href":"https:\/\/hawkdivemedia.eu\/hu\/wp-json\/wp\/v2\/media?parent=11450"}],"curies":[{"name":"wp","href":"https:\/\/api.w.org\/{rel}","templated":true}]}}