{"id":11383,"date":"2023-07-24T14:16:55","date_gmt":"2023-07-24T14:16:55","guid":{"rendered":"https:\/\/hawkdivemedia.eu\/visszaterites-es-lemondas\/"},"modified":"2024-02-21T00:04:37","modified_gmt":"2024-02-21T00:04:37","slug":"visszaterites-es-lemondas","status":"publish","type":"page","link":"https:\/\/hawkdivemedia.eu\/hu\/visszaterites-es-lemondas\/","title":{"rendered":"Visszat\u00e9r\u00edt\u00e9s \u00e9s lemond\u00e1s"},"content":{"rendered":"\t\t<div data-elementor-type=\"wp-page\" data-elementor-id=\"11383\" class=\"elementor elementor-11383 elementor-9864\">\n\t\t\t\t\t\t<section class=\"elementor-section elementor-top-section elementor-element elementor-element-5ad8363 elementor-section-boxed elementor-section-height-default elementor-section-height-default\" data-id=\"5ad8363\" data-element_type=\"section\" data-settings=\"{&quot;background_background&quot;:&quot;gradient&quot;}\">\n\t\t\t\t\t\t<div class=\"elementor-container elementor-column-gap-default\">\n\t\t\t\t\t<div class=\"elementor-column elementor-col-100 elementor-top-column elementor-element elementor-element-6cf5fc2\" data-id=\"6cf5fc2\" data-element_type=\"column\">\n\t\t\t<div class=\"elementor-widget-wrap elementor-element-populated\">\n\t\t\t\t\t\t<div class=\"elementor-element elementor-element-ec52a04 elementor-widget elementor-widget-text-editor\" data-id=\"ec52a04\" data-element_type=\"widget\" data-widget_type=\"text-editor.default\">\n\t\t\t\t<div class=\"elementor-widget-container\">\n\t\t\t<style>\/*! elementor - v3.22.0 - 26-06-2024 *\/\n.elementor-widget-text-editor.elementor-drop-cap-view-stacked .elementor-drop-cap{background-color:#69727d;color:#fff}.elementor-widget-text-editor.elementor-drop-cap-view-framed .elementor-drop-cap{color:#69727d;border:3px solid;background-color:transparent}.elementor-widget-text-editor:not(.elementor-drop-cap-view-default) .elementor-drop-cap{margin-top:8px}.elementor-widget-text-editor:not(.elementor-drop-cap-view-default) .elementor-drop-cap-letter{width:1em;height:1em}.elementor-widget-text-editor .elementor-drop-cap{float:left;text-align:center;line-height:1;font-size:50px}.elementor-widget-text-editor .elementor-drop-cap-letter{display:inline-block}<\/style>\t\t\t\t<p><strong>Visszat\u00e9r\u00edt\u00e9si \u00e9s lemond\u00e1si szab\u00e1lyzat<\/strong><\/p>\n<\/p>\n<ol>\n<li>A WordPress t\u00e9ma, a b\u0151v\u00edtm\u00e9nyek vagy a t\u00e1rhely be\u00e1ll\u00edt\u00e1s\u00e1nak k\u00f6lts\u00e9gei fel\u00e9 tett kezdeti kifizet\u00e9sek nem t\u00e9r\u00edthet\u0151k vissza, mivel ezt az \u00f6sszeget azonnal kifizetj\u00fck a t\u00e9ma elad\u00f3j\u00e1nak vagy a t\u00e1rhelyszolg\u00e1ltat\u00f3nak, hogy haszn\u00e1lhassa a tartalmukat, er\u0151forr\u00e1saikat vagy t\u00e1rhelyszolg\u00e1ltat\u00e1sukat, am\u00edg a projekteden dolgozol. Az \u00f6sszeg egy\u00e9rtelm\u0171en szerepel minden egyes sz\u00e1ml\u00e1n, amelyet k\u00fcld\u00fcnk \u00d6nnek, \u00e9s <strong>eur\u00f3ban<\/strong> vagy <strong>amerikai doll\u00e1rban (USD<\/strong> ) \u00e9rtend\u0151, hacsak m\u00e1sk\u00e9nt nem szerepel.<\/li>\n<li>Ha fel k\u00edv\u00e1nja mondani a weboldal-fejleszt\u00e9si szerz\u0151d\u00e9st, k\u00e9rj\u00fck, hogy a lehet\u0151 leghamarabb \u00e9rtes\u00edtsen minket. Felmondhatjuk a szerz\u0151d\u00e9st, \u00e9s visszat\u00e9r\u00edthetj\u00fck az \u00d6n \u00e1ltal a projekt k\u00f6lts\u00e9geire befizetett tov\u00e1bbi \u00f6sszeget, miut\u00e1n levontuk a t\u00e9ma, a plugin, a megv\u00e1s\u00e1rolt szoftverek \u00e9s a t\u00e1rhely d\u00edj\u00e1t, valamint egy 10%-os feldolgoz\u00e1si d\u00edjat.<\/li>\n<li>Minden karbantart\u00e1si csomag legal\u00e1bb 6 h\u00f3napos id\u0151tartamra sz\u00f3l, hacsak m\u00e1sk\u00e9pp nem eml\u00edtj\u00fck. A havi karbantart\u00e1si terv csak akkor alkalmazhat\u00f3, ha \u00d6n \u00e9ves szerz\u0151d\u00e9st k\u00f6t, \u00e9s a d\u00edjakat havonta vonjuk le a fizet\u00e9si \u00e1tj\u00e1r\u00f3\/p\u00e9nzt\u00e1rszolg\u00e1ltat\u00f3kkal, p\u00e9ld\u00e1ul a PayPal vagy a Stripe fizet\u00e9si felt\u00e9teleknek megfelel\u0151en.<\/li>\n<li>Ha id\u0151k\u00f6zben fel k\u00edv\u00e1nja mondani az \u00e9ves karbantart\u00e1si vagy f\u00e9l\u00e9ves szerz\u0151d\u00e9st, k\u00e9rj\u00fck, el\u0151zetesen \u00e9rtes\u00edtsen minket. A visszat\u00e9r\u00edt\u00e9st id\u0151ar\u00e1nyos alapon fogjuk teljes\u00edteni, \u00e9s tov\u00e1bbi 10%-os feldolgoz\u00e1si d\u00edjat is felsz\u00e1m\u00edtunk.<\/li>\n<li>Ha le szeretn\u00e9 mondani az automatikus \u00e9ves meg\u00faj\u00edt\u00e1st, k\u00e9rj\u00fck, hogy legal\u00e1bb egy h\u00f3nappal a meg\u00faj\u00edt\u00e1s id\u0151pontja el\u0151tt \u00edr\u00e1sban (e-mailben) \u00e9rtes\u00edtsen minket. Minden k\u00f6zlem\u00e9nyt a <a href=\"mailto:contact@hawkdivemedia.com\">contact@hawkdivemedia.com<\/a> c\u00edmre kell k\u00fcldeni.<\/li>\n<li>25 \u20ac adminisztr\u00e1ci\u00f3s d\u00edj ker\u00fcl felsz\u00e1m\u00edt\u00e1sra, ha nem fizet id\u0151ben, vagy nem \u00faj\u00edtja meg id\u0151ben a t\u00e1mogat\u00e1si tervet. legal\u00e1bb 7 nappal kor\u00e1bban k\u00fcld\u00fcnk \u00d6nnek egy eml\u00e9keztet\u0151 e-mailt egy linkkel, amelyen kereszt\u00fcl meg\u00faj\u00edthatja weboldal\u00e1nak karbantart\u00e1si \u00e9s t\u00e1mogat\u00e1si terv\u00e9t. B\u00e1rmilyen k\u00fcl\u00f6nleges ig\u00e9nyt vagy probl\u00e9m\u00e1t k\u00f6z\u00f6lhet vel\u00fcnk e-mailben, hogy elker\u00fclje a k\u00e9sedelmi d\u00edjakat. Az adminisztr\u00e1ci\u00f3s d\u00edj befizet\u00e9s\u00e9vel tov\u00e1bbi 15 nap \u00e1ll rendelkez\u00e9sre a karbantart\u00e1si csomag \u00fajb\u00f3li meg\u00faj\u00edt\u00e1s\u00e1ra. Ha a t\u00e1mogat\u00e1si csomag lej\u00e1rat\u00e1t\u00f3l sz\u00e1m\u00edtott 20 napon bel\u00fcl nem fizeti ki az \u00f6sszeget, akkor a t\u00e1mogat\u00e1si csomagja t\u00f6rl\u00e9sre ker\u00fcl.<\/li>\n<li>K\u00e9rj\u00fck, vegye figyelembe, hogy a PHP projektet, ha egyszer megv\u00e1s\u00e1rolta, \u00e9s ha a f\u00e1jlt let\u00f6lt\u00f6tte, soha nem t\u00e9r\u00edtik vissza, b\u00e1rmilyen esetben is legyen az. B\u00e1rmilyen hib\u00e1t a szoftverben vagy nem m\u0171k\u00f6d\u0151 funkci\u00f3t t\u00e1mogatunk. K\u00e9rj\u00fck, l\u00e9pjen kapcsolatba vel\u00fcnk, ha b\u00e1rmilyen probl\u00e9ma mer\u00fcl fel a programmal kapcsolatban, vagy ha t\u00e1mogat\u00e1st k\u00e9r a projekt be\u00e1ll\u00edt\u00e1s\u00e1hoz.<\/li>\n<li>Az \u00d6nnek meg\u00edg\u00e9rt visszat\u00e9r\u00edt\u00e9seket vagy t\u00f6rl\u00e9seket 7 munkanapon bel\u00fcl feldolgozzuk, \u00e9s a j\u00f3v\u00e1\u00edr\u00e1st a visszat\u00e9r\u00edt\u00e9s kiad\u00e1s\u00e1t\u00f3l sz\u00e1m\u00edtott 15 napon bel\u00fcl megkaphatja t\u0151l\u00fcnk. Ez teljes m\u00e9rt\u00e9kben a banki partnert\u0151l f\u00fcgg, hogy milyen gyorsan dolgozza fel a tranzakci\u00f3t. \u00c9rtes\u00edtj\u00fck \u00d6nt a visszat\u00e9r\u00edt\u00e9si tranzakci\u00f3r\u00f3l, amint azt feldolgoztuk.<\/li>\n<\/ol>\n\t\t\t\t\t\t<\/div>\n\t\t\t\t<\/div>\n\t\t\t\t\t<\/div>\n\t\t<\/div>\n\t\t\t\t\t<\/div>\n\t\t<\/section>\n\t\t\t\t<\/div>\n\t\t","protected":false},"excerpt":{"rendered":"<p>Visszat\u00e9r\u00edt\u00e9si \u00e9s lemond\u00e1si szab\u00e1lyzat A WordPress t\u00e9ma, a b\u0151v\u00edtm\u00e9nyek vagy a t\u00e1rhely be\u00e1ll\u00edt\u00e1s\u00e1nak k\u00f6lts\u00e9gei fel\u00e9 tett kezdeti kifizet\u00e9sek nem t\u00e9r\u00edthet\u0151k vissza, mivel ezt az \u00f6sszeget azonnal kifizetj\u00fck a t\u00e9ma elad\u00f3j\u00e1nak vagy a t\u00e1rhelyszolg\u00e1ltat\u00f3nak, hogy haszn\u00e1lhassa a tartalmukat, er\u0151forr\u00e1saikat vagy t\u00e1rhelyszolg\u00e1ltat\u00e1sukat, am\u00edg a projekteden dolgozol. Az \u00f6sszeg egy\u00e9rtelm\u0171en szerepel minden egyes sz\u00e1ml\u00e1n, amelyet k\u00fcld\u00fcnk \u00d6nnek, \u00e9s [&hellip;]<\/p>\n","protected":false},"author":1,"featured_media":0,"parent":0,"menu_order":0,"comment_status":"closed","ping_status":"closed","template":"elementor_header_footer","meta":{"footnotes":""},"class_list":["post-11383","page","type-page","status-publish","hentry"],"_links":{"self":[{"href":"https:\/\/hawkdivemedia.eu\/hu\/wp-json\/wp\/v2\/pages\/11383","targetHints":{"allow":["GET"]}}],"collection":[{"href":"https:\/\/hawkdivemedia.eu\/hu\/wp-json\/wp\/v2\/pages"}],"about":[{"href":"https:\/\/hawkdivemedia.eu\/hu\/wp-json\/wp\/v2\/types\/page"}],"author":[{"embeddable":true,"href":"https:\/\/hawkdivemedia.eu\/hu\/wp-json\/wp\/v2\/users\/1"}],"replies":[{"embeddable":true,"href":"https:\/\/hawkdivemedia.eu\/hu\/wp-json\/wp\/v2\/comments?post=11383"}],"version-history":[{"count":1,"href":"https:\/\/hawkdivemedia.eu\/hu\/wp-json\/wp\/v2\/pages\/11383\/revisions"}],"predecessor-version":[{"id":11388,"href":"https:\/\/hawkdivemedia.eu\/hu\/wp-json\/wp\/v2\/pages\/11383\/revisions\/11388"}],"wp:attachment":[{"href":"https:\/\/hawkdivemedia.eu\/hu\/wp-json\/wp\/v2\/media?parent=11383"}],"curies":[{"name":"wp","href":"https:\/\/api.w.org\/{rel}","templated":true}]}}