{"id":11365,"date":"2023-07-24T14:02:51","date_gmt":"2023-07-24T14:02:51","guid":{"rendered":"https:\/\/hawkdivemedia.eu\/feltetelek-es-feltetelek\/"},"modified":"2024-02-21T00:04:36","modified_gmt":"2024-02-21T00:04:36","slug":"feltetelek-es-feltetelek","status":"publish","type":"page","link":"https:\/\/hawkdivemedia.eu\/hu\/feltetelek-es-feltetelek\/","title":{"rendered":"Felt\u00e9telek \u00e9s felt\u00e9telek"},"content":{"rendered":"\t\t<div data-elementor-type=\"wp-page\" data-elementor-id=\"11365\" class=\"elementor elementor-11365 elementor-9854\">\n\t\t\t\t\t\t<section class=\"elementor-section elementor-top-section elementor-element elementor-element-5ad8363 elementor-section-boxed elementor-section-height-default elementor-section-height-default\" data-id=\"5ad8363\" data-element_type=\"section\" data-settings=\"{&quot;background_background&quot;:&quot;gradient&quot;}\">\n\t\t\t\t\t\t<div class=\"elementor-container elementor-column-gap-default\">\n\t\t\t\t\t<div class=\"elementor-column elementor-col-100 elementor-top-column elementor-element elementor-element-6cf5fc2\" data-id=\"6cf5fc2\" data-element_type=\"column\">\n\t\t\t<div class=\"elementor-widget-wrap elementor-element-populated\">\n\t\t\t\t\t\t<div class=\"elementor-element elementor-element-ec52a04 elementor-widget elementor-widget-text-editor\" data-id=\"ec52a04\" data-element_type=\"widget\" data-widget_type=\"text-editor.default\">\n\t\t\t\t<div class=\"elementor-widget-container\">\n\t\t\t<style>\/*! elementor - v3.22.0 - 26-06-2024 *\/\n.elementor-widget-text-editor.elementor-drop-cap-view-stacked .elementor-drop-cap{background-color:#69727d;color:#fff}.elementor-widget-text-editor.elementor-drop-cap-view-framed .elementor-drop-cap{color:#69727d;border:3px solid;background-color:transparent}.elementor-widget-text-editor:not(.elementor-drop-cap-view-default) .elementor-drop-cap{margin-top:8px}.elementor-widget-text-editor:not(.elementor-drop-cap-view-default) .elementor-drop-cap-letter{width:1em;height:1em}.elementor-widget-text-editor .elementor-drop-cap{float:left;text-align:center;line-height:1;font-size:50px}.elementor-widget-text-editor .elementor-drop-cap-letter{display:inline-block}<\/style>\t\t\t\t<h4><strong>Felt\u00e9telek \u00e9s felt\u00e9telek<\/strong><\/h4>\n<p>K\u00e9rj\u00fck, figyelmesen olvassa el a Felhaszn\u00e1l\u00e1si Felt\u00e9teleinket, mivel ezek k\u00e9pezik a k\u00f6zt\u00fcnk \u00e9s \u00d6n k\u00f6z\u00f6tt l\u00e9trej\u00f6tt szerz\u0151d\u00e9st, amelynek elfogad\u00e1s\u00e1r\u00f3l \u00d6n abban a pillanatban \u00e1llapodik meg, amikor sz\u00f3ban, e-mailben vagy Skype-\u00fczenetben meger\u0151s\u00edti vagy elfogadja, vagy amikor a projekt k\u00f6lts\u00e9geire vonatkoz\u00f3 kezdeti kifizet\u00e9st teljes\u00edti.<\/p>\n<p>Igyekezt\u00fcnk a jelen \u00c1ltal\u00e1nos Szerz\u0151d\u00e9si Felt\u00e9teleket r\u00f6viden, k\u00f6nnyen \u00e9rthet\u0151en \u00e9s a lehet\u0151 legegyszer\u0171bben megfogalmazni. Ha azonban b\u00e1rmilyen k\u00e9rd\u00e9se van, k\u00e9rj\u00fck, ne habozzon kapcsolatba l\u00e9pni vel\u00fcnk.<\/p>\n<\/p>\n<h4><strong>Terminol\u00f3gia:<\/strong><\/h4>\n<p><strong>\u00d6n<\/strong> (&#8222;az \u00fcgyf\u00e9l&#8221;)<br \/><strong>Mi vagy Mi<\/strong> (Hawkdive Media Kft. vagy Hawkdive Media, a tov\u00e1bbiakban: a T\u00e1rsas\u00e1g)<br \/><strong>A projekt<\/strong> az \u00d6n \u00e1ltal megb\u00edzott munka, amely \u00e1ltal\u00e1ban t\u00f6bb, egym\u00e1ssal \u00f6sszef\u00fcgg\u0151 r\u00e9szb\u0151l \u00e1ll, mint p\u00e9ld\u00e1ul konzult\u00e1ci\u00f3, weboldal fejleszt\u00e9s \u00e9s\/vagy t\u00e1rhely, weboldal karbantart\u00e1si szolg\u00e1ltat\u00e1s, t\u00e9ma vagy sablonok, harmadik f\u00e9lt\u0151l sz\u00e1rmaz\u00f3 b\u0151v\u00edtm\u00e9nyek.<\/p>\n<\/p>\n<h4><strong>A projekt felt\u00e9telei:<\/strong><\/h4>\n<p><strong>Webfejleszt\u00e9s\/tervez\u00e9s:<\/strong><\/p>\n<ol>\n<li>Minden \u00e1raj\u00e1nlat\/becsl\u00e9s az \u00d6n \u00e1ltal beny\u00fajtott k\u00f6vetelm\u00e9nyen \u00e9s az \u00d6n ig\u00e9nyeinek a megadott id\u0151keret szerinti meg\u00e9rt\u00e9s\u00e9n alapul. A funkcionalit\u00e1s vagy az elrendez\u00e9s kialak\u00edt\u00e1s\u00e1nak b\u00e1rmilyen kieg\u00e9sz\u00edt\u00e9se vagy m\u00f3dos\u00edt\u00e1sa, mikro-jav\u00edt\u00e1sok, fizet\u0151s b\u0151v\u00edtm\u00e9nyek ig\u00e9nye tov\u00e1bbi k\u00f6lts\u00e9geket vonhat maga ut\u00e1n.K\u00e9rj\u00fck, tiszt\u00e1zzon vel\u00fcnk minden k\u00e9ts\u00e9get vagy fizet\u00e9ssel\/k\u00f6lts\u00e9ggel kapcsolatos k\u00e9rd\u00e9st Skype-h\u00edv\u00e1son vagy szem\u00e9lyes tal\u00e1lkoz\u00f3n kereszt\u00fcl.<\/li>\n<li><span style=\"font-size: 1em; letter-spacing: 0.02px;\">Az \u00e1raj\u00e1nlat elfogad\u00e1s\u00e1val \u00d6n elfogadja \u00e9s elfogadja a Hawkdive Media \u00e1ltal\u00e1nos szerz\u0151d\u00e9si felt\u00e9teleit. Az elfogad\u00e1s t\u00f6rt\u00e9nhet sz\u00f3ban, e-mailben, az \u00e1raj\u00e1nlat al\u00e1\u00edr\u00e1s\u00e1val vagy a projekt k\u00f6lts\u00e9geinek kezdeti kifizet\u00e9s\u00e9vel.<\/span><\/li>\n<li>  Az \u00fcgyfeleknek egy\u00e9rtelm\u0171 \u00fatmutat\u00e1st kell adniuk a weboldal megfelel\u0151 ir\u00e1nyba t\u00f6rt\u00e9n\u0151 fejleszt\u00e9s\u00e9hez vagy tervez\u00e9s\u00e9hez. K\u00e9rj\u00fck, gy\u0151z\u0151dj\u00f6n meg arr\u00f3l, hogy az \u00e1raj\u00e1nlatok\/aj\u00e1nlatok\/becsl\u00e9sek tartalmazz\u00e1k az \u00f6sszes k\u00f6vetelm\u00e9nyt, miel\u0151tt az \u00e1raj\u00e1nlatok vagy fizet\u00e9si felt\u00e9telek elfogad\u00e1s\u00e1val folytatn\u00e1. Adjon meg nek\u00fcnk b\u00e1rmilyen konkr\u00e9t munkafolyamatot az \u00d6n \u00fczleti r\u00e9se vagy k\u00f6vetelm\u00e9nye alapj\u00e1n, hogy a munka a megfelel\u0151 ir\u00e1nyba haladjon a c\u00e9l el\u00e9r\u00e9se \u00e9rdek\u00e9ben.<\/li>\n<li>\u00d6nt arra k\u00e9rj\u00fck, hogy adja meg nek\u00fcnk a sz\u00fcks\u00e9ges tartalmat, p\u00e9ld\u00e1ul sz\u00f6veget, k\u00e9peket, vide\u00f3t \u00e9s egy\u00e9b inform\u00e1ci\u00f3kat, amelyeket a weboldalon k\u00f6zz\u00e9 kell tenni. Weboldal fejleszt\u00e9si\/tervez\u00e9si munk\u00e1ink nem tartalmaznak tartalom\u00edr\u00e1st, t\u00f6bbsz\u00f6r\u00f6s k\u00e9pszerkeszt\u00e9st, log\u00f3tervez\u00e9st, vide\u00f3k\u00e9sz\u00edt\u00e9st stb., mivel ezek k\u00fcl\u00f6n feladat \u00e9s szolg\u00e1ltat\u00e1s r\u00e9sz\u00e9t k\u00e9pezik. Ha azonban n\u00e9h\u00e1ny k\u00e9p mikrov\u00e1ltoz\u00e1sa vagy egy kis tartalom\u00edr\u00e1si munka sz\u00fcks\u00e9ges, akkor ezt a webfejleszt\u00e9si munk\u00e1val egy\u00fctt ingyenesen tudjuk felaj\u00e1nlani.<\/li>\n<li>A tartalomban l\u00e9v\u0151 nyelvtani hib\u00e1kat vagy helyes\u00edr\u00e1si hib\u00e1kat ellen\u0151rizni kell, miel\u0151tt a tartalom megjelenik. \u00c9s \u00d6n viseli a felel\u0151ss\u00e9get minden olyan tartalom\u00e9rt, amely szerz\u0151i jogokat vagy jogs\u00e9rt\u00e9seket tartalmaz, illetve az \u00d6n weboldal\u00e1ra vonatkoz\u00f3 \u00e9rtes\u00edt\u00e9s\u00e9rt vagy int\u00e9zked\u00e9s\u00e9rt. Csak ingyenes stock k\u00e9peket biztos\u00edtunk, \u00edgy az \u00d6n \u00e1ltal megadott k\u00e9peknek \u00e9s tartalomnak egyedinek kell lennie, \u00e9s nem lehet plagiz\u00e1lt.<\/li>\n<li>Tekintse \u00e1t az \u00e1ltalunk beny\u00fajtott munk\u00e1t, \u00e9s adjon visszajelz\u00e9st, \u00e9s id\u0151ben teljes\u00edtse az egyenleg kifizet\u00e9s\u00e9t.<\/li>\n<li>Ha \u00d6n egy kiszervez\u0151 \u00fcgyn\u00f6ks\u00e9g vagy tan\u00e1csad\u00f3, aki kiszervezi nek\u00fcnk a webfejleszt\u00e9si munk\u00e1t, akkor \u00d6nt terheli a felel\u0151ss\u00e9g a projekt kifizet\u00e9s\u00e9\u00e9rt, amint az elk\u00e9sz\u00fclt. Semmilyen k\u00f6r\u00fclm\u00e9nyek k\u00f6z\u00f6tt nem szabad megv\u00e1rnunk vagy kapcsolatba l\u00e9pn\u00fcnk az els\u0151 f\u00e9llel (az eredeti \u00fcgyf\u00e9llel, akivel \u00d6n \u00fczletelt) a fizet\u00e9ssel kapcsolatban. \u00c9s a kifizet\u00e9st id\u0151ben kell teljes\u00edtenie. J\u00f3hiszem\u0171en j\u00e1runk el, \u00e9s sz\u00e1m\u00edtunk arra, hogy \u00d6n a teljes k\u00e9pet felt\u00e1rja az aj\u00e1nlatk\u00e9r\u00e9skor.<\/li>\n<li>Egy h\u00f3napig ingyenes t\u00e1mogat\u00e1st ny\u00fajtunk a weboldal m\u0171k\u00f6dtet\u00e9s\u00e9hez, illetve megismertetj\u00fck \u00d6nt a funkci\u00f3val \u00e9s a funkci\u00f3kkal. A weboldal kisebb m\u00f3dos\u00edt\u00e1sait is ingyenesen v\u00e1llaljuk, ha a jav\u00edt\u00e1s nem tart tov\u00e1bb egy \u00f3r\u00e1n\u00e1l.<\/li>\n<li>B\u00e1rmilyen k\u00e9sedelem az \u00d6n r\u00e9sz\u00e9r\u0151l, p\u00e9ld\u00e1ul a sz\u00fcks\u00e9ges inform\u00e1ci\u00f3k megad\u00e1s\u00e1nak k\u00e9sedelme k\u00e9sleltetheti a projektet \u00e9s a javasolt id\u0151kereteket.<\/li>\n<li>A fejleszt\u00e9s sor\u00e1n vagy k\u00f6zvetlen\u00fcl a fejleszt\u00e9s ut\u00e1n jelentett hib\u00e1k (programoz\u00e1si hib\u00e1k) nem vonnak maguk ut\u00e1n tov\u00e1bbi k\u00f6lts\u00e9geket. Nem garant\u00e1ljuk a kompatibilit\u00e1st a r\u00e9gi vagy felesleges b\u00f6ng\u00e9sz\u0151szoftverekkel.<\/li>\n<li>A m\u00e1r elv\u00e9gzett feladat b\u00e1rmilyen ut\u00f3munk\u00e1ja tov\u00e1bbi k\u00f6lts\u00e9geket von maga ut\u00e1n. A terv j\u00f3v\u00e1hagy\u00e1sa ut\u00e1n az elrendez\u00e9sben\/tervez\u00e9sben bek\u00f6vetkez\u0151 b\u00e1rmilyen jelent\u0151s v\u00e1ltoztat\u00e1s tov\u00e1bbi k\u00f6lts\u00e9geket von maga ut\u00e1n.<\/li>\n<li>Ha a projektet a folyamatban l\u00e9v\u0151 projekt b\u00e1rmely szakasz\u00e1ban le k\u00edv\u00e1nja mondani, vagy a projektet le k\u00edv\u00e1nja \u00e1ll\u00edtani, k\u00e9rj\u00fck, hogy legal\u00e1bb 15 nappal kor\u00e1bban \u00e9rtes\u00edtsen minket. Abban az esetben, ha a projekt m\u00e1r elkezd\u0151d\u00f6tt, \u00e9s m\u00e1r t\u00f6bb mint egy hete tart, majd le k\u00edv\u00e1nja mondani a projektet. nem \u00e1ll m\u00f3dunkban visszat\u00e9r\u00edteni az \u00d6n \u00e1ltal eredetileg befizetett \u00f6sszeget. Bizonyos esetekben azonban, amikor \u00d6n t\u00f6bbet fizetett, mint az \u00e1ltalunk viselt k\u00f6lts\u00e9g \u00e9s id\u0151, akkor elemezhetj\u00fck az esetet, \u00e9s r\u00e9szleges visszat\u00e9r\u00edt\u00e9st adhatunk \u00d6nnek, ami eseti alapon t\u00f6rt\u00e9nik.<\/li>\n<li>Weboldalterveink teljesen reszponz\u00edvak, \u00e9s tesztelt\u00fck \u0151ket 1920 X 1080 px felbont\u00e1s\u00fa asztali sz\u00e1m\u00edt\u00f3g\u00e9peken, iPhone, iPad, Samsung Galaxy Tab \u00e9s Galaxy S5 k\u00e9sz\u00fcl\u00e9keken. Ha azt szeretn\u00e9, hogy a programot egy adott eszk\u00f6z\u00f6n ellen\u0151rizz\u00e9k, k\u00e9rj\u00fck, el\u0151zetesen besz\u00e9lje meg.<\/li>\n<li>Weboldalunk fejleszt\u00e9si\/tervez\u00e9si k\u00f6lts\u00e9ge nem tartalmazza a domain regisztr\u00e1ci\u00f3t vagy meg\u00faj\u00edt\u00e1s\u00e1t. hosting d\u00edjak, hacsak m\u00e1sk\u00e9pp nem eml\u00edtik.<\/li>\n<li>Javasoljuk, hogy a projekt befejez\u00e9se ut\u00e1n k\u00e9sz\u00edtsen biztons\u00e1gi m\u00e1solatot a weboldal\u00e1r\u00f3l \u00e9s az adatb\u00e1zis\u00e1r\u00f3l. Nem v\u00e1llalunk felel\u0151ss\u00e9get a t\u00e1rhelyszolg\u00e1ltat\u00e1sa \u00e1ltal okozott el\u0151re nem l\u00e1that\u00f3 k\u00f6r\u00fclm\u00e9nyek\u00e9rt vagy probl\u00e9m\u00e1k\u00e9rt, illetve a t\u00e1rhely t\u00f6rl\u00e9se vagy felf\u00fcggeszt\u00e9se \u00e1ltal okozott adatveszt\u00e9s\u00e9rt.<\/li>\n<li>A Landing oldalak \u00e9s prom\u00f3ci\u00f3s weboldalak tervez\u00e9se 1 ingyenes fel\u00fclvizsg\u00e1latra jogos\u00edt, egyn\u00e9l t\u00f6bb fel\u00fclvizsg\u00e1lat tov\u00e1bbi d\u00edjakat von maga ut\u00e1n, amelyekr\u0151l el\u0151re t\u00e1j\u00e9koztatjuk \u00d6nt.<\/li>\n<li>Norm\u00e1l weboldal tervez\u00e9si projekt eset\u00e9n 3 ingyenes fel\u00fclvizsg\u00e1latot kap, h\u00e1romn\u00e1l t\u00f6bb fel\u00fclvizsg\u00e1lat tov\u00e1bbi k\u00f6lts\u00e9gekkel j\u00e1r, amelyekr\u0151l el\u0151zetesen t\u00e1j\u00e9koztatjuk \u00d6nt, miel\u0151tt folytatn\u00e1nk.<\/li>\n<\/ol>\n<h4><strong>\u00c9ves alap karbantart\u00e1si csomag felt\u00e9telei:<\/strong><\/h4>\n<ol>\n<li>K\u00e9rj\u00fck, vegye figyelembe, hogy a t\u00e1mogat\u00e1si TAT 24-48 munka\u00f3r\u00e1n bel\u00fcl van, \u00edgy minden k\u00e9rd\u00e9s\u00e9t vagy k\u00e9r\u00e9s\u00e9t 24-48 munka\u00f3r\u00e1n bel\u00fcl teljes\u00edtj\u00fck. Mi azonban azonnali t\u00e1mogat\u00e1st ny\u00fajtunk, \u00e9s a legt\u00f6bbsz\u00f6r egy-k\u00e9t \u00f3r\u00e1n bel\u00fcl megkapja a megold\u00e1st. Amennyiben a probl\u00e9ma olyan \u00f6sszetett, hogy tov\u00e1bbi \u00f3r\u00e1kat ig\u00e9nyel, err\u0151l \u00edr\u00e1sban vagy sz\u00f3ban t\u00e1j\u00e9koztatjuk \u00d6nt.<\/li>\n<li>Minden karbantart\u00e1si csomag legal\u00e1bb 6 h\u00f3napos id\u0151tartamra sz\u00f3l, hacsak m\u00e1sk\u00e9pp nem eml\u00edtj\u00fck. A havi karbantart\u00e1si terv csak akkor alkalmazhat\u00f3, ha \u00d6n \u00e9ves szerz\u0151d\u00e9st k\u00f6t, \u00e9s a d\u00edjak havonta ker\u00fclnek levon\u00e1sra a fizet\u00e9si \u00e1tj\u00e1r\u00f3\/p\u00e9nzt\u00e1rszolg\u00e1ltat\u00f3kkal, p\u00e9ld\u00e1ul a PayPal vagy a Stripe fizet\u00e9si felt\u00e9teleknek megfelel\u0151en.<\/li>\n<li>Ez mag\u00e1ban foglalja a weboldalhoz kapcsol\u00f3d\u00f3 probl\u00e9m\u00e1k, szoftverhib\u00e1k \u00e9s a weboldalon v\u00e9grehajtott kisebb v\u00e1ltoztat\u00e1sok korl\u00e1tlan t\u00e1mogat\u00e1s\u00e1t, a napi maximum 2 \u00f3r\u00e1s feladatig.<\/li>\n<li>A webhely-karbantart\u00e1si csomagok kiz\u00e1r\u00f3lag a webhely-karbantart\u00e1si feladatok ell\u00e1t\u00e1s\u00e1ra szolg\u00e1lnak. Az \u00f3r\u00e1k nem haszn\u00e1lhat\u00f3k fel olyan projektekre, mint a teljes \u00fajratervez\u00e9s, t\u00f6bb term\u00e9k felt\u00f6lt\u00e9se vagy nagyobb funkcionalit\u00e1s\u00fa b\u0151v\u00edt\u00e9sek.<\/li>\n<li>A weboldal karbantart\u00e1si csomag nem tartalmazza az \u00fczleti elemz\u00e9st, a SEO-t, a digit\u00e1lis marketinget vagy a k\u00f6z\u00f6ss\u00e9gi m\u00e9dia oldalak t\u00e1mogat\u00e1s\u00e1t.<\/li>\n<li>Ha id\u0151k\u00f6zben fel k\u00edv\u00e1nja mondani az \u00e9ves karbantart\u00e1si vagy f\u00e9l\u00e9ves szerz\u0151d\u00e9st, k\u00e9rj\u00fck, el\u0151zetesen \u00e9rtes\u00edtsen minket. A visszat\u00e9r\u00edt\u00e9st id\u0151ar\u00e1nyos alapon fogjuk teljes\u00edteni, \u00e9s tov\u00e1bbi 10%-os feldolgoz\u00e1si d\u00edjat is felsz\u00e1m\u00edtunk.<\/li>\n<li>B\u00e1rmilyen kieg\u00e9sz\u00edt\u0151 funkci\u00f3 vagy tervez\u00e9si v\u00e1ltoztat\u00e1s eseti alapon tov\u00e1bbi d\u00edjakat vonhat maga ut\u00e1n.<\/li>\n<li>Ha le szeretn\u00e9 mondani az automatikus \u00e9ves meg\u00faj\u00edt\u00e1st, k\u00e9rj\u00fck, hogy legal\u00e1bb egy h\u00f3nappal a meg\u00faj\u00edt\u00e1s id\u0151pontja el\u0151tt \u00edr\u00e1sban (e-mailben) \u00e9rtes\u00edtsen minket.<\/li>\n<li>t\u00e1mogat\u00e1si k\u00e9r\u00e9seket lehet k\u00fcldeni e-mailben <a href=\"mailto:contact@hawkdivemedia.com\">contact@hawkdivemedia.com<\/a> vagy skype &#8211; <a href=\"skype:Live:hawkdivetech?call\">Live:hawkdivetech<\/a>.<\/li>\n<li>25 \u20ac adminisztr\u00e1ci\u00f3s d\u00edj ker\u00fcl felsz\u00e1m\u00edt\u00e1sra, ha nem fizet id\u0151ben, vagy nem \u00faj\u00edtja meg id\u0151ben a t\u00e1mogat\u00e1si tervet. legal\u00e1bb 7 nappal kor\u00e1bban k\u00fcld\u00fcnk \u00d6nnek egy eml\u00e9keztet\u0151 e-mailt egy linkkel, amelyen kereszt\u00fcl meg\u00faj\u00edthatja weboldal\u00e1nak karbantart\u00e1si \u00e9s t\u00e1mogat\u00e1si terv\u00e9t. B\u00e1rmilyen k\u00fcl\u00f6nleges ig\u00e9nyt vagy probl\u00e9m\u00e1t k\u00f6z\u00f6lhet vel\u00fcnk e-mailben, hogy elker\u00fclje a k\u00e9sedelmi d\u00edjakat.<\/li>\n<\/ol>\n<h4><strong>PHP vagy Python oktat\u00e1si projektek:<\/strong><\/h4>\n<ol>\n<li>A PHP-projektek csak tanul\u00e1si c\u00e9lokat szolg\u00e1lnak, \u00e9s iskol\u00e1soknak \u00e9s f\u0151iskol\u00e1soknak k\u00e9sz\u00fcltek, hogy \u00f6tletet adjanak a projekt megtervez\u00e9s\u00e9hez. B\u00e1rmilyen professzion\u00e1lis felhaszn\u00e1l\u00e1s, m\u00f3dos\u00edt\u00e1s, vagy tov\u00e1bbi funkci\u00f3k\/funkci\u00f3k, vagy v\u00e1ltoztat\u00e1sok nem tartoznak a fedezet al\u00e1, azonban \u00d6n k\u00e9rheti az ilyen v\u00e1ltoztat\u00e1sokat, amelyek tov\u00e1bbi k\u00f6lts\u00e9gekkel j\u00e1rhatnak.<\/li>\n<li>Felh\u00edvjuk figyelm\u00e9t, hogy a megv\u00e1s\u00e1rolt projektet \u00e9s a let\u00f6lt\u00f6tt f\u00e1jlt semmilyen esetben sem t\u00e9r\u00edtj\u00fck vissza.<\/li>\n<li>B\u00e1rmilyen hiba a projektben vagy seg\u00edts\u00e9g a be\u00e1ll\u00edt\u00e1sban t\u00e1mogatni fogjuk. Kapcsolatba l\u00e9phet vel\u00fcnk a <a href=\"mailto:contact@hawkdivemedia.com\">contact@hawkdivemedia.com<\/a> e-mail c\u00edmen vagy Skype-on &#8211; <a href=\"skype:Live:hawkdivetech?call\">Live:hawkdivetech<\/a><\/li>\n<\/ol>\n<h4><strong>A jelen \u00c1ltal\u00e1nos Szerz\u0151d\u00e9si Felt\u00e9telek m\u00f3dos\u00edt\u00e1sa:<\/strong><\/h4>\n<p>A Hawkdive Media fenntartja a jogot, hogy a jelen \u00c1ltal\u00e1nos Szerz\u0151d\u00e9si Felt\u00e9telek b\u00e1rmely rendelkez\u00e9s\u00e9t b\u00e1rmikor, el\u0151zetes \u00e9rtes\u00edt\u00e9s n\u00e9lk\u00fcl megv\u00e1ltoztassa vagy m\u00f3dos\u00edtsa. A v\u00e1ltoz\u00e1sr\u00f3l sz\u00f3l\u00f3 \u00e9rtes\u00edt\u00e9s elmarad\u00e1sa nem teszi \u00e9rv\u00e9nytelenn\u00e9 a v\u00e1ltoz\u00e1sokat. Az \u00c1ltal\u00e1nos Szerz\u0151d\u00e9si Felt\u00e9telek b\u00e1rmilyen v\u00e1ltoz\u00e1s\u00e1t mindig azonnal friss\u00edtj\u00fck ezen az oldalon.<\/p>\n\t\t\t\t\t\t<\/div>\n\t\t\t\t<\/div>\n\t\t\t\t\t<\/div>\n\t\t<\/div>\n\t\t\t\t\t<\/div>\n\t\t<\/section>\n\t\t\t\t<\/div>\n\t\t","protected":false},"excerpt":{"rendered":"<p>Felt\u00e9telek \u00e9s felt\u00e9telek K\u00e9rj\u00fck, figyelmesen olvassa el a Felhaszn\u00e1l\u00e1si Felt\u00e9teleinket, mivel ezek k\u00e9pezik a k\u00f6zt\u00fcnk \u00e9s \u00d6n k\u00f6z\u00f6tt l\u00e9trej\u00f6tt szerz\u0151d\u00e9st, amelynek elfogad\u00e1s\u00e1r\u00f3l \u00d6n abban a pillanatban \u00e1llapodik meg, amikor sz\u00f3ban, e-mailben vagy Skype-\u00fczenetben meger\u0151s\u00edti vagy elfogadja, vagy amikor a projekt k\u00f6lts\u00e9geire vonatkoz\u00f3 kezdeti kifizet\u00e9st teljes\u00edti. Igyekezt\u00fcnk a jelen \u00c1ltal\u00e1nos Szerz\u0151d\u00e9si Felt\u00e9teleket r\u00f6viden, k\u00f6nnyen \u00e9rthet\u0151en \u00e9s [&hellip;]<\/p>\n","protected":false},"author":1,"featured_media":0,"parent":0,"menu_order":0,"comment_status":"closed","ping_status":"closed","template":"elementor_header_footer","meta":{"footnotes":""},"class_list":["post-11365","page","type-page","status-publish","hentry"],"_links":{"self":[{"href":"https:\/\/hawkdivemedia.eu\/hu\/wp-json\/wp\/v2\/pages\/11365","targetHints":{"allow":["GET"]}}],"collection":[{"href":"https:\/\/hawkdivemedia.eu\/hu\/wp-json\/wp\/v2\/pages"}],"about":[{"href":"https:\/\/hawkdivemedia.eu\/hu\/wp-json\/wp\/v2\/types\/page"}],"author":[{"embeddable":true,"href":"https:\/\/hawkdivemedia.eu\/hu\/wp-json\/wp\/v2\/users\/1"}],"replies":[{"embeddable":true,"href":"https:\/\/hawkdivemedia.eu\/hu\/wp-json\/wp\/v2\/comments?post=11365"}],"version-history":[{"count":1,"href":"https:\/\/hawkdivemedia.eu\/hu\/wp-json\/wp\/v2\/pages\/11365\/revisions"}],"predecessor-version":[{"id":11370,"href":"https:\/\/hawkdivemedia.eu\/hu\/wp-json\/wp\/v2\/pages\/11365\/revisions\/11370"}],"wp:attachment":[{"href":"https:\/\/hawkdivemedia.eu\/hu\/wp-json\/wp\/v2\/media?parent=11365"}],"curies":[{"name":"wp","href":"https:\/\/api.w.org\/{rel}","templated":true}]}}