{"id":11335,"date":"2023-05-04T05:32:54","date_gmt":"2023-05-04T05:32:54","guid":{"rendered":"https:\/\/hawkdivemedia.eu\/ajanlatkeres\/"},"modified":"2024-02-21T00:03:43","modified_gmt":"2024-02-21T00:03:43","slug":"ajanlatkeres","status":"publish","type":"page","link":"https:\/\/hawkdivemedia.eu\/hu\/ajanlatkeres\/","title":{"rendered":"Aj\u00e1nlatk\u00e9r\u00e9s"},"content":{"rendered":"\t\t<div data-elementor-type=\"wp-page\" data-elementor-id=\"11335\" class=\"elementor elementor-11335 elementor-8831\">\n\t\t\t\t\t\t<section class=\"elementor-section elementor-top-section elementor-element elementor-element-3deb69bf elementor-section-boxed elementor-section-height-default elementor-section-height-default\" data-id=\"3deb69bf\" data-element_type=\"section\" data-settings=\"{&quot;background_background&quot;:&quot;gradient&quot;}\">\n\t\t\t\t\t\t<div class=\"elementor-container elementor-column-gap-default\">\n\t\t\t\t\t<div class=\"elementor-column elementor-col-100 elementor-top-column elementor-element elementor-element-7c6d2bd1\" data-id=\"7c6d2bd1\" data-element_type=\"column\">\n\t\t\t<div class=\"elementor-widget-wrap elementor-element-populated\">\n\t\t\t\t\t\t<section class=\"elementor-section elementor-inner-section elementor-element elementor-element-51f57527 elementor-section-boxed elementor-section-height-default elementor-section-height-default\" data-id=\"51f57527\" data-element_type=\"section\">\n\t\t\t\t\t\t<div class=\"elementor-container elementor-column-gap-default\">\n\t\t\t\t\t<div class=\"elementor-column elementor-col-100 elementor-inner-column elementor-element elementor-element-d77fb85\" data-id=\"d77fb85\" data-element_type=\"column\">\n\t\t\t<div class=\"elementor-widget-wrap elementor-element-populated\">\n\t\t\t\t\t\t<div class=\"elementor-element elementor-element-7aa47a87 elementor-invisible elementor-widget elementor-widget-radiant-custom-heading\" data-id=\"7aa47a87\" data-element_type=\"widget\" data-settings=\"{&quot;_animation&quot;:&quot;fadeInUp&quot;,&quot;_animation_delay&quot;:300}\" data-widget_type=\"radiant-custom-heading.default\">\n\t\t\t\t<div class=\"elementor-widget-container\">\n\t\t\t<div class=\"rt-hover-heading \"><h1 class=\"rt-title-heading\">get a quote<\/h1>\n                <\/div>\t\t<\/div>\n\t\t\t\t<\/div>\n\t\t\t\t<div class=\"elementor-element elementor-element-486d5077 elementor-invisible elementor-widget elementor-widget-text-editor\" data-id=\"486d5077\" data-element_type=\"widget\" data-settings=\"{&quot;_animation&quot;:&quot;fadeInUp&quot;,&quot;_animation_delay&quot;:400}\" data-widget_type=\"text-editor.default\">\n\t\t\t\t<div class=\"elementor-widget-container\">\n\t\t\t<style>\/*! elementor - v3.22.0 - 26-06-2024 *\/\n.elementor-widget-text-editor.elementor-drop-cap-view-stacked .elementor-drop-cap{background-color:#69727d;color:#fff}.elementor-widget-text-editor.elementor-drop-cap-view-framed .elementor-drop-cap{color:#69727d;border:3px solid;background-color:transparent}.elementor-widget-text-editor:not(.elementor-drop-cap-view-default) .elementor-drop-cap{margin-top:8px}.elementor-widget-text-editor:not(.elementor-drop-cap-view-default) .elementor-drop-cap-letter{width:1em;height:1em}.elementor-widget-text-editor .elementor-drop-cap{float:left;text-align:center;line-height:1;font-size:50px}.elementor-widget-text-editor .elementor-drop-cap-letter{display:inline-block}<\/style>\t\t\t\t<p>T\u00f6ltse ki az \u0171rlapot, \u00e9s csapatunk a lehet\u0151 leghamarabb jelentkezni fog.<\/p>\n<p>Zoom vagy Google tal\u00e1lkoz\u00f3t is szervezhet\u00fcnk, hogy megvitassuk \u00e9s meg\u00e9rts\u00fck az \u00d6n ig\u00e9nyeit.<\/p>\n\t\t\t\t\t\t<\/div>\n\t\t\t\t<\/div>\n\t\t\t\t\t<\/div>\n\t\t<\/div>\n\t\t\t\t\t<\/div>\n\t\t<\/section>\n\t\t\t\t<section class=\"elementor-section elementor-inner-section elementor-element elementor-element-1f039a0 elementor-section-boxed elementor-section-height-default elementor-section-height-default\" data-id=\"1f039a0\" data-element_type=\"section\">\n\t\t\t\t\t\t<div class=\"elementor-container elementor-column-gap-default\">\n\t\t\t\t\t<div class=\"elementor-column elementor-col-100 elementor-inner-column elementor-element elementor-element-78f9fb3\" data-id=\"78f9fb3\" data-element_type=\"column\" data-settings=\"{&quot;background_background&quot;:&quot;classic&quot;}\">\n\t\t\t<div class=\"elementor-widget-wrap elementor-element-populated\">\n\t\t\t\t\t\t<div class=\"elementor-element elementor-element-f90511a elementor-widget elementor-widget-radiant-custom-heading\" data-id=\"f90511a\" data-element_type=\"widget\" data-widget_type=\"radiant-custom-heading.default\">\n\t\t\t\t<div class=\"elementor-widget-container\">\n\t\t\t<div class=\"rt-hover-heading \"><h6 class=\"rt-title-heading\">Ask for A quote For Your Next Project<\/h6>\n                <\/div>\t\t<\/div>\n\t\t\t\t<\/div>\n\t\t\t\t<div class=\"elementor-element elementor-element-ee5fd4d elementor-widget elementor-widget-text-editor\" data-id=\"ee5fd4d\" data-element_type=\"widget\" data-widget_type=\"text-editor.default\">\n\t\t\t\t<div class=\"elementor-widget-container\">\n\t\t\t\t\t\t\t<p>\n<div class=\"wpcf7 no-js\" id=\"wpcf7-f11498-o1\" lang=\"hu-HU\" dir=\"ltr\">\n<div class=\"screen-reader-response\"><p role=\"status\" aria-live=\"polite\" aria-atomic=\"true\"><\/p> <ul><\/ul><\/div>\n<form action=\"\/hu\/wp-json\/wp\/v2\/pages\/11335#wpcf7-f11498-o1\" method=\"post\" class=\"wpcf7-form init\" aria-label=\"Kapcsolatfelv\u00e9teli \u0171rlap\" novalidate=\"novalidate\" data-status=\"init\">\n<div style=\"display: none;\">\n<input type=\"hidden\" name=\"_wpcf7\" value=\"11498\" \/>\n<input type=\"hidden\" name=\"_wpcf7_version\" value=\"5.9.8\" \/>\n<input type=\"hidden\" name=\"_wpcf7_locale\" value=\"hu_HU\" \/>\n<input type=\"hidden\" name=\"_wpcf7_unit_tag\" value=\"wpcf7-f11498-o1\" \/>\n<input type=\"hidden\" name=\"_wpcf7_container_post\" value=\"0\" \/>\n<input type=\"hidden\" name=\"_wpcf7_posted_data_hash\" value=\"\" \/>\n<input type=\"hidden\" name=\"_wpcf7_recaptcha_response\" value=\"\" \/>\n<\/div>\n<div class=\"quote-contact-form\">\n\t<div class=\"row\">\n\t\t<div class=\"col-lg-4 col-md-4 col-xs-12 no-padding\">\n\t\t\t<p><label class=\"fname\">N\u00e9v<\/label>\n\t\t\t<\/p>\n\t\t\t<div class=\"form-row fname\">\n\t\t\t\t<p><span class=\"wpcf7-form-control-wrap\" data-name=\"custname\"><input size=\"40\" maxlength=\"400\" class=\"wpcf7-form-control wpcf7-text wpcf7-validates-as-required\" aria-required=\"true\" aria-invalid=\"false\" value=\"\" type=\"text\" name=\"custname\" \/><\/span>\n\t\t\t\t<\/p>\n\t\t\t<\/div>\n\t\t<\/div>\n\t\t<div class=\"col-lg-4 col-md-4 col-xs-12 no-padding\">\n\t\t\t<p><label class=\"email\">E-mail<\/label>\n\t\t\t<\/p>\n\t\t\t<div class=\"form-row email\">\n\t\t\t\t<p><span class=\"wpcf7-form-control-wrap\" data-name=\"email\"><input size=\"40\" maxlength=\"400\" class=\"wpcf7-form-control wpcf7-email wpcf7-validates-as-required wpcf7-text wpcf7-validates-as-email\" aria-required=\"true\" aria-invalid=\"false\" value=\"\" type=\"email\" name=\"email\" \/><\/span>\n\t\t\t\t<\/p>\n\t\t\t<\/div>\n\t\t<\/div>\n\t\t<div class=\"col-lg-4 col-md-4 col-xs-12 no-padding\">\n\t\t\t<p><label class=\"phone\">Telefon<\/label>\n\t\t\t<\/p>\n\t\t\t<div class=\"form-row phone\">\n\t\t\t\t<p><span class=\"wpcf7-form-control-wrap\" data-name=\"phone\"><input size=\"40\" maxlength=\"400\" class=\"wpcf7-form-control wpcf7-text\" aria-invalid=\"false\" value=\"\" type=\"text\" name=\"phone\" \/><\/span>\n\t\t\t\t<\/p>\n\t\t\t<\/div>\n\t\t<\/div>\n\t\t<div class=\"col-lg-8 col-md-8 col-xs-12 no-padding\">\n\t\t\t<p><label class=\"phone\">\u00dczenet<\/label>\n\t\t\t<\/p>\n\t\t\t<div class=\"form-row msg\">\n\t\t\t\t<p><span class=\"wpcf7-form-control-wrap\" data-name=\"message\"><textarea cols=\"40\" rows=\"10\" maxlength=\"2000\" class=\"wpcf7-form-control wpcf7-textarea\" aria-invalid=\"false\" name=\"message\"><\/textarea><\/span>\n\t\t\t\t<\/p>\n\t\t\t<\/div>\n\t\t<\/div>\n\t\t<div class=\"col-lg-4 col-md-4 col-xs-12 no-padding date-main-box\">\n\t\t\t<div class=\"no-padding date-sub-box\">\n\t\t\t\t<p><label class=\"quote-title\">Mikor szeretn\u00e9d elkezdeni?<\/label>\n\t\t\t\t<\/p>\n\t\t\t\t<div class=\"date-field-box\">\n\t\t\t\t\t<p><span class=\"date-icon\"><svg xmlns=\"http:\/\/www.w3.org\/2000\/svg\" width=\"17\" height=\"17\" viewbox=\"0 0 17 17\" fill=\"none\">\n<path d=\"M4.31181 0.0219345C4.1292 0.0817013 3.95322 0.194592 3.83369 0.324083C3.61787 0.563147 3.60127 0.632872 3.58135 1.33678L3.56474 1.96764L2.56865 1.98756C1.44638 2.00748 1.3667 2.02076 0.954978 2.28971C0.423728 2.6317 0.101658 3.15299 0.025291 3.79049C0.00536909 3.95983 -0.00459184 6.13795 0.00204878 9.67076C0.01533 15.9063 -0.00459185 15.3883 0.234471 15.8864C0.390525 16.2085 0.792283 16.6069 1.12431 16.7696C1.59912 17.0053 1.16748 16.9921 8.03056 16.9921C13.3497 16.9921 14.2562 16.9854 14.4554 16.9422C15.1792 16.7895 15.7835 16.2051 15.9927 15.4547C16.0458 15.2622 16.0491 14.8338 16.0491 9.45494V3.661L15.9595 3.39205C15.7503 2.78111 15.2854 2.29635 14.6944 2.08053C14.5019 2.0108 14.4188 2.00416 13.4925 1.98756L12.4964 1.96764L12.4798 1.33678C12.4599 0.632872 12.4433 0.563147 12.2274 0.324083C12.1577 0.247717 12.0249 0.148108 11.9353 0.0983028C11.7028 -0.0245495 11.311 -0.0278702 11.0786 0.0850201C10.8794 0.184629 10.6802 0.380529 10.5839 0.583067C10.5142 0.725842 10.5042 0.792248 10.4942 1.36002L10.481 1.98424H8.03056H5.58017L5.56689 1.37662C5.55693 0.805529 5.55361 0.762365 5.4706 0.586388C5.36435 0.360607 5.18174 0.171349 4.9792 0.0817013C4.8165 0.00865364 4.44795 -0.0245495 4.31181 0.0219345ZM4.83974 0.612951C5.03896 0.762365 5.04228 0.775646 5.04228 2.23326C5.04228 3.4319 5.03564 3.57135 4.98252 3.6776C4.81982 4.00299 4.36162 4.03619 4.179 3.73404C4.11592 3.63443 4.1126 3.55807 4.1126 2.23326C4.1126 0.974865 4.11924 0.828772 4.16904 0.755724C4.22549 0.672716 4.31846 0.593029 4.41142 0.549864C4.49443 0.506701 4.74678 0.546545 4.83974 0.612951ZM11.7028 0.576427C11.7626 0.60631 11.8456 0.679358 11.8821 0.739122C11.9452 0.842052 11.9485 0.901817 11.9485 2.23658C11.9485 3.55807 11.9452 3.63443 11.8821 3.73404C11.6995 4.03619 11.2413 4.00299 11.0753 3.6776C11.0222 3.57135 11.0188 3.44518 11.0255 2.19342C11.0354 0.871935 11.0388 0.825451 11.1052 0.732481C11.2446 0.539904 11.4903 0.476818 11.7028 0.576427ZM3.58135 3.0899C3.58135 3.80377 3.61123 3.91002 3.87685 4.17897C4.1126 4.41139 4.31846 4.49108 4.64385 4.46783C5.02236 4.44127 5.30127 4.24205 5.48388 3.87682C5.55029 3.74068 5.55693 3.66764 5.56689 3.11979L5.58017 2.51549H8.03056H10.481L10.4942 3.11979C10.5042 3.66764 10.5108 3.74068 10.5772 3.87682C10.7599 4.24205 11.0388 4.44127 11.4173 4.46783C11.7161 4.48775 11.9286 4.41471 12.1478 4.21881C12.4433 3.95319 12.4599 3.89342 12.4731 3.15299L12.4864 2.51217L13.4526 2.52213L14.4222 2.53209L14.6479 2.63834C14.9401 2.77779 15.2356 3.06998 15.3685 3.35221C15.5046 3.6444 15.5345 3.90338 15.5345 4.86295V5.70299H8.03056H0.526658V4.86295C0.526658 4.40475 0.54326 3.91998 0.559861 3.79381C0.642869 3.23268 1.01806 2.77779 1.55928 2.5819C1.71865 2.52545 1.83486 2.51881 2.66162 2.51549H3.58135V3.0899ZM15.5179 10.7499V15.2489L15.4415 15.4481C15.2821 15.8698 14.9634 16.1985 14.545 16.3678L14.3558 16.4442H8.03056H1.70537L1.51611 16.3678C1.09775 16.1985 0.779002 15.8698 0.619627 15.4481L0.54326 15.2489L0.533299 10.7831C0.529979 8.32936 0.533299 6.30065 0.539939 6.2774C0.553221 6.24088 1.93779 6.23424 8.0372 6.24088L15.5179 6.25084V10.7499Z\" fill=\"white\"><\/path>\n<path d=\"M2.60254 8.28951C2.34355 8.35592 2.12109 8.55182 2.03809 8.78756C2.00156 8.89381 1.98828 9.06979 1.98828 9.46823C1.98828 9.95963 1.99492 10.0161 2.06797 10.1688C2.15098 10.3481 2.30371 10.5008 2.47637 10.5739C2.62578 10.6337 3.7082 10.6337 3.85762 10.5739C4.03027 10.5008 4.18301 10.3481 4.26602 10.1688C4.33906 10.0161 4.3457 9.95963 4.3457 9.46823C4.3457 8.86393 4.3125 8.71451 4.13652 8.5319C3.92402 8.30612 3.82441 8.27955 3.2334 8.26959C2.94121 8.26627 2.65898 8.27623 2.60254 8.28951ZM3.75137 8.88717C3.80781 8.95358 3.81445 9.01998 3.81445 9.4483C3.81445 10.109 3.8377 10.0858 3.17031 10.0858C2.49629 10.0858 2.51953 10.109 2.51953 9.4649C2.51953 9.18932 2.53613 8.9569 2.55605 8.92037C2.6125 8.8108 2.71211 8.79088 3.21016 8.80084C3.66836 8.80748 3.6916 8.8108 3.75137 8.88717Z\" fill=\"white\"><\/path>\n<path d=\"M7.40039 8.30943C7.20449 8.37252 7.0252 8.52525 6.93887 8.70123C6.87578 8.83072 6.86914 8.90377 6.86914 9.45826V10.0725L6.97871 10.2518C7.06172 10.3913 7.1248 10.4544 7.26426 10.5241C7.43691 10.6171 7.4502 10.6171 8.03125 10.6171C8.6123 10.6171 8.62559 10.6171 8.79824 10.5241C8.9377 10.4544 9.00078 10.3913 9.08711 10.2518L9.19336 10.0725V9.45826C9.19336 8.90377 9.18672 8.83072 9.12363 8.70123C9.03398 8.51861 8.85469 8.3692 8.64883 8.30943C8.42969 8.24303 7.60957 8.24635 7.40039 8.30943ZM8.59238 8.87057C8.65879 8.93033 8.66211 8.96685 8.66211 9.4483C8.66211 9.88326 8.65215 9.97291 8.60566 10.026C8.55918 10.0792 8.49277 10.0858 8.05117 10.0858C7.36055 10.0858 7.40039 10.1256 7.40039 9.45826C7.40039 8.76764 7.37715 8.79088 8.06777 8.80084C8.46289 8.80748 8.53262 8.81744 8.59238 8.87057Z\" fill=\"white\"><\/path>\n<path d=\"M12.3311 8.28951C12.0721 8.35592 11.8496 8.55182 11.7666 8.78756C11.7301 8.89381 11.7168 9.06979 11.7168 9.46823C11.7168 9.95963 11.7234 10.0161 11.7965 10.1688C11.8795 10.3481 12.0322 10.5008 12.2049 10.5739C12.3543 10.6337 13.4367 10.6337 13.5861 10.5739C13.7588 10.5008 13.9115 10.3481 13.9945 10.1688C14.0676 10.0161 14.0742 9.95963 14.0742 9.46823C14.0742 8.86393 14.041 8.71451 13.865 8.5319C13.6525 8.30612 13.5529 8.27955 12.9619 8.26959C12.6697 8.26627 12.3875 8.27623 12.3311 8.28951ZM13.4799 8.88717C13.5363 8.95358 13.543 9.01998 13.543 9.4483C13.543 10.109 13.5662 10.0858 12.8988 10.0858C12.2248 10.0858 12.248 10.109 12.248 9.4649C12.248 9.18932 12.2646 8.9569 12.2846 8.92037C12.341 8.8108 12.4406 8.79088 12.9387 8.80084C13.3969 8.80748 13.4201 8.8108 13.4799 8.88717Z\" fill=\"white\"><\/path>\n<path d=\"M2.43583 12.1577C2.23993 12.2473 2.11708 12.3801 2.03739 12.586C1.99091 12.7088 1.98427 12.8317 1.99423 13.3098C2.00419 13.9506 2.02079 14.0038 2.24325 14.2196C2.41923 14.3922 2.60849 14.4354 3.1663 14.4354C3.72411 14.4354 3.91337 14.3922 4.08935 14.2196C4.31845 13.9971 4.32841 13.9606 4.32841 13.2567C4.32841 12.6756 4.32177 12.6159 4.25536 12.493C4.16572 12.3237 4.06611 12.2307 3.88017 12.1477C3.74736 12.0879 3.66435 12.078 3.1663 12.078C2.64169 12.078 2.58857 12.0846 2.43583 12.1577ZM3.74404 12.6956C3.80712 12.7753 3.81376 12.8284 3.81376 13.2633C3.81376 13.7249 3.81044 13.7448 3.73075 13.8212C3.65439 13.9008 3.63779 13.9042 3.1663 13.9042C2.69482 13.9042 2.67821 13.9008 2.60185 13.8212C2.52216 13.7448 2.51884 13.7249 2.51884 13.2633C2.51884 12.8284 2.52548 12.7753 2.58857 12.6956L2.65497 12.6092H3.1663H3.67763L3.74404 12.6956Z\" fill=\"white\"><\/path>\n<path d=\"M7.31763 12.1411C7.15493 12.2174 6.98892 12.3868 6.92251 12.5495C6.84614 12.7288 6.84614 13.7846 6.92251 13.9639C6.9856 14.12 7.11509 14.2561 7.28442 14.3458C7.40728 14.4122 7.46372 14.4188 8.03149 14.4188C8.59927 14.4188 8.65571 14.4122 8.77856 14.3458C8.85161 14.3092 8.95122 14.2329 9.00103 14.1797C9.17036 14.0038 9.1936 13.8909 9.1936 13.2567C9.1936 12.6092 9.17036 12.5129 8.98442 12.3137C8.78521 12.1046 8.68228 12.078 8.03149 12.078C7.53677 12.078 7.43052 12.0879 7.31763 12.1411ZM8.59595 12.6756C8.65571 12.7354 8.66235 12.7852 8.66235 13.2534V13.768L8.57603 13.8344C8.49634 13.8975 8.44321 13.9042 8.03149 13.9042C7.61978 13.9042 7.56665 13.8975 7.48696 13.8344L7.40063 13.768V13.2534C7.40063 12.576 7.36743 12.6092 8.03149 12.6092C8.48638 12.6092 8.53618 12.6159 8.59595 12.6756Z\" fill=\"white\"><\/path>\n<path d=\"M12.1645 12.1577C11.9686 12.2473 11.8458 12.3801 11.7661 12.586C11.6864 12.7985 11.703 13.8344 11.7927 13.9938C11.8889 14.1731 12.0815 14.3325 12.2575 14.3856C12.4567 14.4454 13.2901 14.4553 13.4927 14.3989C13.6886 14.3458 13.8678 14.2096 13.9675 14.0403C14.0538 13.8942 14.0571 13.8676 14.0671 13.3098C14.077 12.8317 14.0704 12.7089 14.0239 12.586C13.9442 12.3801 13.8214 12.2473 13.6255 12.1577C13.4727 12.0846 13.4163 12.078 12.895 12.078C12.3737 12.078 12.3173 12.0846 12.1645 12.1577ZM13.4727 12.6956C13.5358 12.7753 13.5425 12.8284 13.5425 13.2633C13.5425 13.7249 13.5391 13.7448 13.4594 13.8212C13.3831 13.9008 13.3665 13.9042 12.895 13.9042C12.4235 13.9042 12.4069 13.9008 12.3305 13.8212C12.2509 13.7448 12.2475 13.7249 12.2475 13.2633C12.2475 12.8284 12.2542 12.7753 12.3173 12.6956L12.3837 12.6092H12.895H13.4063L13.4727 12.6956Z\" fill=\"white\"><\/path>\n<\/svg><\/span><span class=\"wpcf7-form-control-wrap\" data-name=\"startdate\"><input class=\"wpcf7-form-control wpcf7-date wpcf7-validates-as-date\" aria-invalid=\"false\" placeholder=\"DD:MM:YY\" value=\"\" type=\"date\" name=\"startdate\" \/><\/span>\n\t\t\t\t\t<\/p>\n\t\t\t\t<\/div>\n\t\t\t<\/div>\n\t\t\t<div class=\"no-padding budget-box\">\n\t\t\t\t<p><label class=\"quote-title\">Mennyi a projekt k\u00f6lts\u00e9gvet\u00e9se?<\/label>\n\t\t\t\t<\/p>\n\t\t\t\t<div class=\"budget-area\">\n\t\t\t\t\t<p><span class=\"wpcf7-form-control-wrap\" data-name=\"Budget\"><input size=\"40\" maxlength=\"400\" class=\"wpcf7-form-control wpcf7-text\" aria-invalid=\"false\" value=\"\" type=\"text\" name=\"Budget\" \/><\/span>\n\t\t\t\t\t<\/p>\n\t\t\t\t<\/div>\n\t\t\t<\/div>\n\t\t<\/div>\n\t\t<div class=\"col-lg-12 col-md-12 col-xs-12 no-padding\">\n\t\t\t<p><label class=\"quote-title\">Milyen projekt?<\/label><br \/>\n<span class=\"wpcf7-form-control-wrap\" data-name=\"projecttype\"><span class=\"wpcf7-form-control wpcf7-checkbox\"><span class=\"wpcf7-list-item first\"><label><input type=\"checkbox\" name=\"projecttype[]\" value=\"Website &amp; Landing Page Design\" \/><span class=\"wpcf7-list-item-label\">Website &amp; Landing Page Design<\/span><\/label><\/span><span class=\"wpcf7-list-item\"><label><input type=\"checkbox\" name=\"projecttype[]\" value=\"Digital Marketing &amp; Advertising\" \/><span class=\"wpcf7-list-item-label\">Digital Marketing &amp; Advertising<\/span><\/label><\/span><span class=\"wpcf7-list-item\"><label><input type=\"checkbox\" name=\"projecttype[]\" value=\"Brand Promotion\" \/><span class=\"wpcf7-list-item-label\">Brand Promotion<\/span><\/label><\/span><span class=\"wpcf7-list-item\"><label><input type=\"checkbox\" name=\"projecttype[]\" value=\"WooCommerce Development\" \/><span class=\"wpcf7-list-item-label\">WooCommerce Development<\/span><\/label><\/span><span class=\"wpcf7-list-item\"><label><input type=\"checkbox\" name=\"projecttype[]\" value=\"Cloud VPS Server Setup\" \/><span class=\"wpcf7-list-item-label\">Cloud VPS Server Setup<\/span><\/label><\/span><span class=\"wpcf7-list-item\"><label><input type=\"checkbox\" name=\"projecttype[]\" value=\"Website Support &amp; maintenance\" \/><span class=\"wpcf7-list-item-label\">Website Support &amp; maintenance<\/span><\/label><\/span><span class=\"wpcf7-list-item\"><label><input type=\"checkbox\" name=\"projecttype[]\" value=\"Social Profile Follower Increase\" \/><span class=\"wpcf7-list-item-label\">Social Profile Follower Increase<\/span><\/label><\/span><span class=\"wpcf7-list-item\"><label><input type=\"checkbox\" name=\"projecttype[]\" value=\"API Integration\" \/><span class=\"wpcf7-list-item-label\">API Integration<\/span><\/label><\/span><span class=\"wpcf7-list-item\"><label><input type=\"checkbox\" name=\"projecttype[]\" value=\"WordPress &amp; WooCommerce Customization\" \/><span class=\"wpcf7-list-item-label\">WordPress &amp; WooCommerce Customization<\/span><\/label><\/span><span class=\"wpcf7-list-item\"><label><input type=\"checkbox\" name=\"projecttype[]\" value=\"Zoho CRM &amp; Books Integration\" \/><span class=\"wpcf7-list-item-label\">Zoho CRM &amp; Books Integration<\/span><\/label><\/span><span class=\"wpcf7-list-item\"><label><input type=\"checkbox\" name=\"projecttype[]\" value=\"Shopify Website Design\" \/><span class=\"wpcf7-list-item-label\">Shopify Website Design<\/span><\/label><\/span><span class=\"wpcf7-list-item\"><label><input type=\"checkbox\" name=\"projecttype[]\" value=\"Wix Website Design\" \/><span class=\"wpcf7-list-item-label\">Wix Website Design<\/span><\/label><\/span><span class=\"wpcf7-list-item last\"><label><input type=\"checkbox\" name=\"projecttype[]\" value=\"Other\" \/><span class=\"wpcf7-list-item-label\">Other<\/span><\/label><\/span><\/span><\/span>\n\t\t\t<\/p>\n\t\t<\/div>\n\t<span class=\"wpcf7-form-control-wrap recaptcha\" data-name=\"recaptcha\"><span data-sitekey=\"6LeC6nIUAAAAAFOfxiqW-j1OwCOsKvVO0TisvdMO\" class=\"wpcf7-form-control wpcf7-recaptcha g-recaptcha\"><\/span>\r\n<noscript>\r\n\t<div class=\"grecaptcha-noscript\">\r\n\t\t<iframe src=\"https:\/\/www.recaptcha.net\/recaptcha\/api\/fallback?k=6LeC6nIUAAAAAFOfxiqW-j1OwCOsKvVO0TisvdMO\" frameborder=\"0\" scrolling=\"no\" width=\"310\" height=\"430\">\r\n\t\t<\/iframe>\r\n\t\t<textarea name=\"g-recaptcha-response\" rows=\"3\" cols=\"40\" placeholder=\"reCaptcha Response Here\">\r\n\t\t<\/textarea>\r\n\t<\/div>\r\n<\/noscript>\r\n<\/span>\n\t\t<div class=\"col-lg-12 col-md-12 col-xs-12 submit-btn no-padding m-0\">\n\t\t\t<div class=\"form-row \">\n\t\t\t\t<p><input class=\"wpcf7-form-control wpcf7-submit has-spinner\" type=\"submit\" value=\"Send Request\" \/>\n\t\t\t\t<\/p>\n\t\t\t<\/div>\n\t\t<\/div>\n\t<\/div>\n<\/div><p style=\"display: none !important;\" class=\"akismet-fields-container\" data-prefix=\"_wpcf7_ak_\"><label>&#916;<textarea name=\"_wpcf7_ak_hp_textarea\" cols=\"45\" rows=\"8\" maxlength=\"100\"><\/textarea><\/label><input type=\"hidden\" id=\"ak_js_1\" name=\"_wpcf7_ak_js\" value=\"68\"\/><script data-jetpack-boost=\"ignore\">document.getElementById( \"ak_js_1\" ).setAttribute( \"value\", ( new Date() ).getTime() );<\/script><\/p><div class=\"wpcf7-response-output\" aria-hidden=\"true\"><\/div>\n<\/form>\n<\/div>\n<\/p>\n\t\t\t\t\t\t<\/div>\n\t\t\t\t<\/div>\n\t\t\t\t\t<\/div>\n\t\t<\/div>\n\t\t\t\t\t<\/div>\n\t\t<\/section>\n\t\t\t\t\t<\/div>\n\t\t<\/div>\n\t\t\t\t\t<\/div>\n\t\t<\/section>\n\t\t\t\t<\/div>\n\t\t","protected":false},"excerpt":{"rendered":"<p>get a quote T\u00f6ltse ki az \u0171rlapot, \u00e9s csapatunk a lehet\u0151 leghamarabb jelentkezni fog. Zoom vagy Google tal\u00e1lkoz\u00f3t is szervezhet\u00fcnk, hogy megvitassuk \u00e9s meg\u00e9rts\u00fck az \u00d6n ig\u00e9nyeit. Ask for A quote For Your Next Project<\/p>\n","protected":false},"author":1,"featured_media":0,"parent":0,"menu_order":0,"comment_status":"closed","ping_status":"closed","template":"","meta":{"footnotes":""},"class_list":["post-11335","page","type-page","status-publish","hentry"],"_links":{"self":[{"href":"https:\/\/hawkdivemedia.eu\/hu\/wp-json\/wp\/v2\/pages\/11335","targetHints":{"allow":["GET"]}}],"collection":[{"href":"https:\/\/hawkdivemedia.eu\/hu\/wp-json\/wp\/v2\/pages"}],"about":[{"href":"https:\/\/hawkdivemedia.eu\/hu\/wp-json\/wp\/v2\/types\/page"}],"author":[{"embeddable":true,"href":"https:\/\/hawkdivemedia.eu\/hu\/wp-json\/wp\/v2\/users\/1"}],"replies":[{"embeddable":true,"href":"https:\/\/hawkdivemedia.eu\/hu\/wp-json\/wp\/v2\/comments?post=11335"}],"version-history":[{"count":1,"href":"https:\/\/hawkdivemedia.eu\/hu\/wp-json\/wp\/v2\/pages\/11335\/revisions"}],"predecessor-version":[{"id":11339,"href":"https:\/\/hawkdivemedia.eu\/hu\/wp-json\/wp\/v2\/pages\/11335\/revisions\/11339"}],"wp:attachment":[{"href":"https:\/\/hawkdivemedia.eu\/hu\/wp-json\/wp\/v2\/media?parent=11335"}],"curies":[{"name":"wp","href":"https:\/\/api.w.org\/{rel}","templated":true}]}}