{"id":11567,"date":"2023-07-24T09:45:12","date_gmt":"2023-07-24T09:45:12","guid":{"rendered":"https:\/\/hawkdivemedia.eu\/datenschutzbestimmungen\/"},"modified":"2024-02-21T00:20:03","modified_gmt":"2024-02-21T00:20:03","slug":"datenschutzbestimmungen","status":"publish","type":"page","link":"https:\/\/hawkdivemedia.eu\/de\/datenschutzbestimmungen\/","title":{"rendered":"Datenschutzbestimmungen"},"content":{"rendered":"\t\t<div data-elementor-type=\"wp-page\" data-elementor-id=\"11567\" class=\"elementor elementor-11567 elementor-9831\">\n\t\t\t\t\t\t<section class=\"elementor-section elementor-top-section elementor-element elementor-element-5ad8363 elementor-section-boxed elementor-section-height-default elementor-section-height-default\" data-id=\"5ad8363\" data-element_type=\"section\" data-settings=\"{&quot;background_background&quot;:&quot;gradient&quot;}\">\n\t\t\t\t\t\t<div class=\"elementor-container elementor-column-gap-default\">\n\t\t\t\t\t<div class=\"elementor-column elementor-col-100 elementor-top-column elementor-element elementor-element-6cf5fc2\" data-id=\"6cf5fc2\" data-element_type=\"column\">\n\t\t\t<div class=\"elementor-widget-wrap elementor-element-populated\">\n\t\t\t\t\t\t<div class=\"elementor-element elementor-element-ec52a04 elementor-widget elementor-widget-text-editor\" data-id=\"ec52a04\" data-element_type=\"widget\" data-widget_type=\"text-editor.default\">\n\t\t\t\t<div class=\"elementor-widget-container\">\n\t\t\t<style>\/*! elementor - v3.22.0 - 26-06-2024 *\/\n.elementor-widget-text-editor.elementor-drop-cap-view-stacked .elementor-drop-cap{background-color:#69727d;color:#fff}.elementor-widget-text-editor.elementor-drop-cap-view-framed .elementor-drop-cap{color:#69727d;border:3px solid;background-color:transparent}.elementor-widget-text-editor:not(.elementor-drop-cap-view-default) .elementor-drop-cap{margin-top:8px}.elementor-widget-text-editor:not(.elementor-drop-cap-view-default) .elementor-drop-cap-letter{width:1em;height:1em}.elementor-widget-text-editor .elementor-drop-cap{float:left;text-align:center;line-height:1;font-size:50px}.elementor-widget-text-editor .elementor-drop-cap-letter{display:inline-block}<\/style>\t\t\t\t<h3>Datenschutzrichtlinie f\u00fcr Hawkdive Media Kft.  <\/h3>\n<div> <\/div>\n<div>\n<div>Diese Datenschutzrichtlinie wurde erstellt, um denjenigen, die sich Gedanken dar\u00fcber machen, wie ihre &#8222;pers\u00f6nlich identifizierbaren Informationen&#8220; (PII) online verwendet werden, besser zu helfen. PII, wie sie im US-Datenschutzrecht und in der Informationssicherheit beschrieben werden, sind Informationen, die allein oder zusammen mit anderen Informationen verwendet werden k\u00f6nnen, um eine einzelne Person zu identifizieren, zu kontaktieren oder ausfindig zu machen, oder um eine Person im Kontext zu identifizieren. Bitte lesen Sie unsere Datenschutzrichtlinien sorgf\u00e4ltig durch, um sich ein klares Bild davon zu machen, wie wir Ihre personenbezogenen Daten in \u00dcbereinstimmung mit unserer Website erfassen, verwenden, sch\u00fctzen oder anderweitig behandeln.<\/div>\n<div> <\/div>\n<div>\n<div><strong>Welche pers\u00f6nlichen Daten sammeln wir von den Besuchern unseres Blogs, unserer Website oder unserer App?<\/strong><\/div>\n<div>  Wir sammeln keine Informationen von Besuchern unserer Website.<\/div>\n<p>oder andere Details, die Ihnen bei Ihren Erfahrungen helfen.<\/p>\n<\/p>\n<\/div>\n<div><strong>Wann sammeln wir Informationen?<\/strong><\/div>\n<div>  Wir erfassen Daten von Ihnen, wenn Sie sich auf unserer Website registrieren, eine Bestellung aufgeben, einen Newsletter abonnieren, auf eine Umfrage antworten, ein Formular ausf\u00fcllen, den Live-Chat nutzen, ein Support-Ticket \u00f6ffnen oder Informationen auf unserer Website eingeben.<\/div>\n<p>Geben Sie uns ein Feedback zu unseren Produkten oder Dienstleistungen  <\/p>\n<\/p>\n<div><strong>Wie verwenden wir Ihre Informationen?<\/strong><\/div>\n<div>Wir k\u00f6nnen die Informationen, die wir von Ihnen sammeln, wenn Sie sich registrieren, einen Kauf t\u00e4tigen, sich f\u00fcr unseren Newsletter anmelden, auf eine Umfrage oder Marketingmitteilung antworten, auf der Website surfen oder bestimmte andere Funktionen der Website nutzen, wie folgt verwenden:<br \/>&#8211; <strong>Um<\/strong> Ihre Erfahrung zu personalisieren und uns zu erm\u00f6glichen, die Art von Inhalten und Produktangeboten zu liefern, an denen Sie am meisten interessiert sind.<\/div>\n<div>      &#8211; <strong>Um<\/strong> unsere Website zu verbessern, damit wir Ihnen besser dienen k\u00f6nnen.<\/div>\n<div>      &#8211; <strong>Damit<\/strong> wir Ihnen bei der Beantwortung Ihrer Kundendienstanfragen besser helfen k\u00f6nnen.<\/div>\n<div>      &#8211; <strong>Um<\/strong> einen Wettbewerb, eine Werbeaktion, eine Umfrage oder eine andere Funktion der Website zu verwalten.<\/div>\n<div>      &#8211; <strong>Um<\/strong> Ihre Transaktionen schnell zu bearbeiten.<\/div>\n<div>      &#8211; <strong>Um<\/strong> Bewertungen und Rezensionen von Dienstleistungen oder Produkten zu erbitten<\/div>\n<div>      &#8211; Nachfassen nach der Korrespondenz (Live-Chat, E-Mail oder Telefonanfragen)<\/div>\n<div> <\/div>\n<div><strong>Wie sch\u00fctzen wir Ihre Daten?<\/strong><\/div>\n<ul>\n<li>Wir verwenden keine Schwachstellenscans und\/oder Scans nach PCI-Standards.<\/li>\n<li>Ein externes PCI-konformes Zahlungs-Gateway wickelt alle CC-Transaktionen ab.<\/li>\n<li>Wir f\u00fchren regelm\u00e4\u00dfig Malware-Scans durch.<\/li>\n<\/ul>\n<div>Ihre pers\u00f6nlichen Daten befinden sich in gesicherten Netzwerken und sind nur f\u00fcr eine begrenzte Anzahl von Personen zug\u00e4nglich, die \u00fcber besondere Zugangsrechte zu diesen Systemen verf\u00fcgen und verpflichtet sind, die Daten vertraulich zu behandeln. Dar\u00fcber hinaus werden alle sensiblen Daten und Kreditinformationen, die Sie uns zur Verf\u00fcgung stellen, \u00fcber die Secure Socket Layer (SSL)-Technologie verschl\u00fcsselt.<\/div>\n<div>Wir setzen eine Reihe von Sicherheitsma\u00dfnahmen ein, wenn ein Benutzer eine Bestellung aufgibt, seine Daten eingibt, \u00fcbermittelt oder darauf zugreift, um die Sicherheit Ihrer pers\u00f6nlichen Daten zu gew\u00e4hrleisten.<\/div>\n<div>Alle Transaktionen werden \u00fcber einen Gateway-Anbieter abgewickelt und werden nicht auf unseren Servern gespeichert oder verarbeitet.<\/div>\n<div> <\/div>\n<div><strong>Verwenden wir &#8222;Cookies&#8220;?<\/strong><\/div>\n<div>Ja. Cookies sind kleine Dateien, die eine Website oder ihr Dienstanbieter \u00fcber Ihren Webbrowser auf die Festplatte Ihres Computers \u00fcbertr\u00e4gt (sofern Sie dies zulassen) und die es den Systemen der Website oder des Dienstanbieters erm\u00f6glichen, Ihren Browser zu erkennen und bestimmte Informationen zu erfassen und zu speichern. So verwenden wir beispielsweise Cookies, um uns an die Artikel in Ihrem Einkaufswagen zu erinnern und diese zu verarbeiten. Sie werden auch verwendet, um Ihre Pr\u00e4ferenzen auf der Grundlage fr\u00fcherer oder aktueller Website-Aktivit\u00e4ten zu verstehen, was es uns erm\u00f6glicht, Ihnen bessere Dienstleistungen zu bieten. Wir verwenden Cookies auch, um aggregierte Daten \u00fcber den Website-Verkehr und die Website-Interaktion zu sammeln, damit wir in Zukunft bessere Website-Erfahrungen und -Tools anbieten k\u00f6nnen.<\/div>\n<div> <\/div>\n<div><strong>Wir verwenden Cookies um:<\/strong><\/div>\n<div>      &#8211; <strong>Helfen Sie dabei,<\/strong> sich die Artikel im Einkaufswagen zu merken und zu bearbeiten.<\/div>\n<div>      &#8211; <strong>Verstehen<\/strong> und speichern Sie die Pr\u00e4ferenzen der Nutzer f\u00fcr zuk\u00fcnftige Besuche.<\/div>\n<div>      &#8211; <strong>Behalten Sie<\/strong> den \u00dcberblick \u00fcber Anzeigen.<\/div>\n<div>      &#8211; <strong>Zusammenfassen<\/strong> von Daten \u00fcber den Website-Verkehr und die Interaktionen auf der Website, um in Zukunft bessere Website-Erfahrungen und -Tools anbieten zu k\u00f6nnen. Wir k\u00f6nnen auch Dienste von vertrauensw\u00fcrdigen Dritten in Anspruch nehmen, die diese Informationen in unserem Namen verfolgen.<\/div>\n<div> <\/div>\n<div>Sie k\u00f6nnen w\u00e4hlen, ob Ihr Computer Sie jedes Mal warnen soll, wenn ein Cookie gesendet wird, oder ob Sie alle Cookies deaktivieren wollen. Dies geschieht \u00fcber die Einstellungen Ihres Browsers. Da jeder Browser ein wenig anders ist, sollten Sie im Hilfemen\u00fc Ihres Browsers nachsehen, wie Sie Ihre Cookies korrekt \u00e4ndern k\u00f6nnen.<\/div>\n<div>Wenn Sie Cookies deaktivieren, kann es sein, dass einige der Funktionen, die Ihre Website effizienter machen, nicht richtig funktionieren.<\/div>\n<div> <\/div>\n<div><b>Medien<\/b><\/div>\n<div>Wenn Sie Bilder auf die Website hochladen, sollten Sie es vermeiden, Bilder hochzuladen, die eingebettete Standortdaten (EXIF-GPS) enthalten. Die Besucher der Website k\u00f6nnen alle Standortdaten von den Bildern auf der Website herunterladen und extrahieren.<\/div>\n<div> <\/div>\n<div><b>Eingebettete Inhalte von anderen Websites<br \/><\/b><\/div>\n<div><span style=\"font-size: 1em; letter-spacing: 0.02px;\">Die Artikel auf dieser Website k\u00f6nnen eingebettete Inhalte enthalten (z. B. Videos, Bilder, Artikel usw.). Eingebettete Inhalte von anderen Websites verhalten sich genau so, als ob der Besucher die andere Website besucht h\u00e4tte. Diese Websites k\u00f6nnen Daten \u00fcber Sie sammeln, Cookies verwenden, zus\u00e4tzliche Trackingfunktionen von Dritten einbetten und Ihre Interaktion mit diesen eingebetteten Inhalten \u00fcberwachen, einschlie\u00dflich der Verfolgung Ihrer Interaktion mit den eingebetteten Inhalten, wenn Sie ein Konto haben und auf dieser Website angemeldet sind.<\/span><\/div>\n<div> <\/div>\n<div><strong>Offenlegung durch Dritte<\/strong><\/div>\n<div>Wir verkaufen, tauschen oder \u00fcbertragen Ihre personenbezogenen Daten nicht an Dritte, es sei denn, wir informieren die Benutzer im Voraus dar\u00fcber. Dies gilt nicht f\u00fcr Website-Hosting-Partner und andere Parteien, die uns beim Betrieb unserer Website, bei der Abwicklung unserer Gesch\u00e4fte oder bei der Betreuung unserer Nutzer unterst\u00fctzen, sofern diese Parteien sich verpflichten, diese Informationen vertraulich zu behandeln. Wir k\u00f6nnen Informationen auch freigeben, wenn die Freigabe angemessen ist, um das Gesetz einzuhalten, unsere Website-Richtlinien durchzusetzen oder unsere oder die Rechte, das Eigentum oder die Sicherheit anderer zu sch\u00fctzen.<br \/>Allerdings k\u00f6nnen nicht pers\u00f6nlich identifizierbare Besucherinformationen an andere Parteien f\u00fcr Marketing, Werbung oder andere Zwecke weitergegeben werden.<\/div>\n<div> <\/div>\n<div><strong>Links von Dritten<\/strong><\/div>\n<div>Gelegentlich k\u00f6nnen wir nach eigenem Ermessen Produkte oder Dienstleistungen Dritter in unsere Website aufnehmen oder anbieten. Diese Websites von Drittanbietern haben separate und unabh\u00e4ngige Datenschutzrichtlinien. Wir \u00fcbernehmen daher keine Verantwortung oder Haftung f\u00fcr den Inhalt und die Aktivit\u00e4ten dieser verlinkten Seiten. Wir sind jedoch bestrebt, die Integrit\u00e4t unserer Website zu sch\u00fctzen und freuen uns \u00fcber jedes Feedback zu diesen Websites.<\/div>\n<div> <\/div>\n<div><b>Welche Rechte Sie an Ihren Daten haben<br \/><\/b><\/div>\n<div>  Wenn Sie ein Konto auf dieser Website haben oder Kommentare hinterlassen haben, k\u00f6nnen Sie eine exportierte Datei mit den personenbezogenen Daten anfordern, die wir \u00fcber Sie gespeichert haben, einschlie\u00dflich der Daten, die Sie uns zur Verf\u00fcgung gestellt haben. Sie k\u00f6nnen auch verlangen, dass wir die \u00fcber Sie gespeicherten personenbezogenen Daten l\u00f6schen. Davon ausgenommen sind Daten, die wir aus verwaltungstechnischen, rechtlichen oder sicherheitsrelevanten Gr\u00fcnden aufbewahren m\u00fcssen.<\/div>\n<div> <\/div>\n<div><strong>Google<\/strong><\/div>\n<div>\n<p>Die Anforderungen von Google an die Werbung lassen sich in den Werbegrunds\u00e4tzen von Google zusammenfassen. Sie werden eingef\u00fchrt, um den Nutzern eine positive Erfahrung zu bieten. https:\/\/support.google.com\/adwordspolicy\/answer\/1316548?hl=en<\/p>\n<\/div>\n<div>Wir verwenden Google AdSense-Werbung auf unserer Website.<\/div>\n<div>Google, als Drittanbieter, verwendet Cookies, um Anzeigen auf unserer Website zu schalten. Die Verwendung des DART-Cookies durch Google erm\u00f6glicht es, Anzeigen f\u00fcr unsere Nutzer zu schalten, die auf fr\u00fcheren Besuchen auf unserer Website und anderen Websites im Internet basieren. Die Nutzer k\u00f6nnen die Verwendung des DART-Cookies deaktivieren, indem sie die Datenschutzbestimmungen des Google-Anzeigen- und Content-Netzwerks aufrufen.<\/div>\n<div> <\/div>\n<div><strong>Wir k\u00f6nnen das Folgende umsetzen:<\/strong><\/div>\n<div>      &#8211; <strong>Wiedervermarktung<\/strong> mit Google AdSense<\/div>\n<div>      &#8211; <strong>Google<\/strong> Display-Netzwerk Impression Reporting<\/div>\n<div>      &#8211; <strong>Demografische Daten<\/strong> und Interessenberichte<\/div>\n<div>      &#8211; Integration der <strong>DoubleClick-Plattform<\/strong> <\/div>\n<div>Wir und Drittanbieter wie Google verwenden Cookies von Erstanbietern (z. B. Google Analytics-Cookies) und Cookies von Drittanbietern (z. B. DoubleClick-Cookies) oder andere Identifikatoren von Drittanbietern, um Daten \u00fcber Nutzerinteraktionen mit Anzeigenimpressionen und anderen Anzeigenservicefunktionen im Zusammenhang mit unserer Website zu sammeln.<\/div>\n<div> <\/div>\n<div><strong>Abmeldung:<\/strong><br \/>Die Nutzer k\u00f6nnen auf der Seite mit den Google-Anzeigeneinstellungen festlegen, wie Google f\u00fcr sie wirbt. Alternativ k\u00f6nnen Sie sich auf der Seite der Werbenetzwerk-Initiative abmelden oder das Browser-Add-on Google Analytics Opt Out verwenden.<\/div>\n<div> <\/div>\n<div><strong>Kalifornisches Gesetz zum Schutz der Privatsph\u00e4re im Internet<\/strong><\/div>\n<div>CalOPPA ist das erste bundesstaatliche Gesetz, das kommerzielle Websites und Online-Dienste dazu verpflichtet, eine Datenschutzrichtlinie zu ver\u00f6ffentlichen. Der Geltungsbereich des Gesetzes geht weit \u00fcber Kalifornien hinaus und verlangt von jeder Person oder jedem Unternehmen in den Vereinigten Staaten (und m\u00f6glicherweise weltweit), die Websites betreiben, auf denen personenbezogene Daten von kalifornischen Verbrauchern erfasst werden, eine gut sichtbare Datenschutzerkl\u00e4rung auf ihrer Website zu ver\u00f6ffentlichen, aus der genau hervorgeht, welche Daten erfasst werden und mit welchen Personen oder Unternehmen sie ausgetauscht werden. &#8211; Mehr dazu unter: http:\/\/consumercal.org\/california-online-privacy-protection-act-caloppa\/#sthash.0FdRbT51.dpuf<\/div>\n<div> <\/div>\n<div><strong>Laut CalOPPA sind wir mit Folgendem einverstanden:<\/strong><\/div>\n<ul>\n<li>Die Nutzer k\u00f6nnen unsere Website anonym besuchen.<\/li>\n<li>Sobald diese Datenschutzerkl\u00e4rung erstellt ist, werden wir einen Link zu ihr auf unserer Homepage oder zumindest auf der ersten wichtigen Seite nach dem Betreten unserer Website einf\u00fcgen.<\/li>\n<li>Der Link zu unserer Datenschutzrichtlinie enth\u00e4lt das Wort &#8222;Datenschutz&#8220; und kann leicht auf der oben genannten Seite gefunden werden.<\/li>\n<\/ul>\n<div>Sie werden \u00fcber alle \u00c4nderungen der Datenschutzbestimmungen informiert:<\/div>\n<div>      &#8211; <strong>Auf<\/strong> unserer Seite zum Datenschutz<\/div>\n<div>Sie k\u00f6nnen Ihre pers\u00f6nlichen Daten \u00e4ndern:<\/div>\n<div>      &#8211; <strong>Per<\/strong> E-Mail an uns<\/div>\n<div>      &#8211; <strong>Rufen<\/strong> Sie uns an<\/div>\n<div>      &#8211; <strong>Indem Sie<\/strong> sich bei Ihrem Konto anmelden<\/div>\n<div> <\/div>\n<div><strong>Wie behandelt unsere Website &#8222;Do Not Track&#8220;-Signale?<\/strong><\/div>\n<div>Wir respektieren Do Not Track-Signale und Do Not Track, pflanzen Cookies oder verwenden Werbung, wenn ein Do Not Track (DNT) Browser-Mechanismus vorhanden ist.<\/div>\n<div> <\/div>\n<div><strong>Erlaubt unsere Website die Verfolgung des Verhaltens von Dritten?<\/strong><\/div>\n<div>Es ist auch wichtig zu beachten, dass wir das Verhaltenstracking durch Dritte zulassen k\u00f6nnen, das durch Analysedienste Dritter wie Google Analytics, Facebook Pixel Analytics oder \u00e4hnliche eingerichtet werden kann. Der Zweck besteht lediglich darin, die Nutzung der Website und die Metriken zu verstehen, um unsere Dienstleistungen zu verbessern.<\/div>\n<div> <\/div>\n<div><strong>COPPA (Gesetz zum Schutz der Privatsph\u00e4re von Kindern im Internet)<\/strong><\/div>\n<div>\n<p>Wenn es um die Erhebung personenbezogener Daten von Kindern unter 13 Jahren geht, haben die Eltern nach dem Children&#8217;s Online Privacy Protection Act (COPPA) die Kontrolle. Die Federal Trade Commission, die Verbraucherschutzbeh\u00f6rde der Vereinigten Staaten, setzt die COPPA-Regel durch, in der festgelegt ist, was Betreiber von Websites und Online-Diensten tun m\u00fcssen, um die Privatsph\u00e4re und Sicherheit von Kindern im Internet zu sch\u00fctzen.<\/p>\n<\/div>\n<div>Wir wenden uns nicht speziell an Kinder unter 13 Jahren.<\/div>\n<div>Erlauben wir Dritten, einschlie\u00dflich Werbenetzwerken oder Plug-ins, personenbezogene Daten von Kindern unter 13 Jahren zu sammeln?<\/div>\n<div> <\/div>\n<div><strong>Faire Informationspraktiken<\/strong><\/div>\n<div>\n<p>Die Fair Information Practices Principles bilden das R\u00fcckgrat des Datenschutzrechts in den Vereinigten Staaten, und die darin enthaltenen Konzepte haben bei der Entwicklung von Datenschutzgesetzen auf der ganzen Welt eine wichtige Rolle gespielt. Das Verst\u00e4ndnis der Grunds\u00e4tze der fairen Informationspraxis und deren Umsetzung ist entscheidend f\u00fcr die Einhaltung der verschiedenen Datenschutzgesetze zum Schutz personenbezogener Daten.<\/p>\n<\/p>\n<\/div>\n<div><strong>Um den fairen Informationspraktiken gerecht zu werden, werden wir im Falle einer Datenverletzung die folgenden Ma\u00dfnahmen ergreifen:<\/strong><\/div>\n<div>Wir werden Sie per E-Mail benachrichtigen<\/div>\n<div>      &#8211; <strong>Innerhalb von<\/strong> 7 Werktagen<\/div>\n<div>Wir benachrichtigen die Nutzer \u00fcber eine Benachrichtigung auf der Website<\/div>\n<div>      &#8211; <strong>Innerhalb von<\/strong> 7 Werktagen<\/div>\n<div>Wir stimmen auch dem Grundsatz des individuellen Rechtsbehelfs zu, der vorsieht, dass Einzelpersonen das Recht haben, einklagbare Rechte gegen Datenerheber und -verarbeiter geltend zu machen, die sich nicht an das Gesetz halten. Dieser Grundsatz erfordert nicht nur, dass Einzelpersonen einklagbare Rechte gegen\u00fcber Datennutzern haben, sondern auch, dass Einzelpersonen sich an Gerichte oder staatliche Stellen wenden k\u00f6nnen, um Verst\u00f6\u00dfe von Datenverarbeitern zu untersuchen und\/oder zu verfolgen.<\/div>\n<div> <\/div>\n<div><strong>CAN SPAM-Gesetz<\/strong><\/div>\n<div>\n<p>Der CAN-SPAM Act ist ein Gesetz, das die Regeln f\u00fcr kommerzielle E-Mails festlegt, Anforderungen f\u00fcr kommerzielle Nachrichten aufstellt, den Empf\u00e4ngern das Recht einr\u00e4umt, den Versand von E-Mails an sie zu unterbinden, und harte Strafen f\u00fcr Verst\u00f6\u00dfe vorsieht.<\/p>\n<\/p>\n<\/div>\n<div><strong>Wir erfassen Ihre E-Mail-Adresse, um:<\/strong><\/div>\n<div>      &#8211; <strong>Versenden von<\/strong> Informationen, Beantworten von Anfragen und\/oder anderen Ersuchen oder Fragen<\/div>\n<div>      &#8211; <strong>Bearbeitung von<\/strong> Bestellungen und \u00dcbermittlung von Informationen und Aktualisierungen zu den Bestellungen.<\/div>\n<div>      &#8211; Ihnen zus\u00e4tzliche Informationen zu Ihrem Produkt und\/oder Ihrer Dienstleistung <strong>zusenden<\/strong> <\/div>\n<div>      &#8211; <strong>Vermarktung<\/strong> auf unserer Mailingliste oder weitere Versendung von E-Mails an unsere Kunden, nachdem die urspr\u00fcngliche Transaktion stattgefunden hat.<\/div>\n<div> <\/div>\n<div><strong>Um die CANSPAM-Vorschriften einzuhalten, stimmen wir dem Folgenden zu:<\/strong><\/div>\n<div>      &#8211; Verwenden Sie <strong>keine<\/strong> falschen oder irref\u00fchrenden Betreffe oder E-Mail-Adressen.<\/div>\n<div>      &#8211; <strong>Kennzeichnen Sie<\/strong> die Nachricht in angemessener Weise als Werbung.<\/div>\n<div>      &#8211; <strong>Geben Sie<\/strong> die physische Adresse unseres Gesch\u00e4fts- oder Standortsitzes <strong>an<\/strong>.<\/div>\n<div>      &#8211; <strong>\u00dcberwachen Sie<\/strong> E-Mail-Marketingdienste von Drittanbietern auf die Einhaltung der Vorschriften, falls solche Dienste genutzt werden.<\/div>\n<div>      &#8211; <strong>Befolgen Sie<\/strong> Abmelde-\/Abbestellungsanfragen schnell.<\/div>\n<div>      &#8211; <strong>Erm\u00f6glichen Sie es<\/strong> den Nutzern, sich \u00fcber den Link am Ende jeder E-Mail abzumelden.<\/div>\n<div> <\/div>\n<div>\n<h4>GDPR<\/h4>\n<div>Wir respektieren GDPR handeln ein Teil der IAB Transparenz und Zustimmung Rahmen und erm\u00f6glichen es den Nutzern, sie vollst\u00e4ndig zu kontrollieren und ihre Daten zu l\u00f6schen, was auch immer wir gesammelt haben auf die Kontaktaufnahme mit uns \u00fcber das Kontaktformular, Kommentar Abschnitt auf Blog, Schreiben von E-Mails an unsere Support-E-Mail oder durch andere Mittel, die ihren Namen und E-Mail-Adresse zu teilen. Wenn ein Benutzer seine\/ihre so gesammelten Daten aus unserem System l\u00f6schen lassen m\u00f6chte, egal welche Daten wir gesammelt haben, kann er\/sie uns unter <b>contact@hawkdivemedia.com<\/b> kontaktieren und dasselbe verlangen.<\/div>\n<div> <\/div>\n<div><b>Aktualisiert<\/b><\/div>\n<div><span style=\"font-size: 1em; letter-spacing: 0.02px;\">Wir sch\u00e4tzen Ihre Privatsph\u00e4re und verpflichten uns, Ihre pers\u00f6nlichen Daten gem\u00e4\u00df der Allgemeinen Datenschutzverordnung (GDPR) und dem California Consumer Privacy Act (CCPA) zu sch\u00fctzen.<\/span><\/div>\n<div>\n<div> <\/div>\n<div><b>Wir sammeln Informationen:<\/b><\/div>\n<div>Pers\u00f6nliche Informationen: Wir k\u00f6nnen Ihren Namen, Ihre E-Mail-Adresse, Ihre Kontaktnummer und andere relevante Details erfassen, wenn Sie mit unserer Website, unseren Produkten oder Dienstleistungen interagieren.<\/div>\n<div><b>Nutzungsdaten:<\/b> <span style=\"font-size: 1em; letter-spacing: 0.02px;\">Wir k\u00f6nnen automatisch Informationen \u00fcber Ihr Ger\u00e4t, Ihren Browsertyp, Ihre IP-Adresse und Ihr Surfverhalten auf unserer Website erfassen.<\/span><\/div>\n<div><span style=\"font-size: 1em; letter-spacing: 0.02px;\"> <\/span><\/div>\n<div><b>Wie wir Ihre Informationen verwenden:<\/b><\/div>\n<div><b>Zur Bereitstellung von Dienstleistungen:<\/b> Wir verwenden Ihre pers\u00f6nlichen Daten, um unsere Produkte und Dienstleistungen zu liefern, Ihre Anfragen zu beantworten und Ihre W\u00fcnsche zu erf\u00fcllen.<\/div>\n<div><b>Um unsere Dienstleistungen zu verbessern: <\/b>Wir k\u00f6nnen Nutzungsdaten analysieren, um die Funktionalit\u00e4t, den Inhalt und die Benutzererfahrung auf unserer Website zu verbessern.<\/div>\n<div> <\/div>\n<div><b>Weitergabe von Informationen:<\/b><\/div>\n<div>Wir verkaufen oder vermieten Ihre pers\u00f6nlichen Daten nicht an Dritte.<\/div>\n<div><span style=\"font-size: 1em; letter-spacing: 0.02px;\">Wir k\u00f6nnen Ihre Daten an vertrauensw\u00fcrdige Dienstleister weitergeben, die uns bei der Erbringung unserer Dienstleistungen unterst\u00fctzen. Diese Anbieter sind an strenge Vertraulichkeitsvereinbarungen gebunden und d\u00fcrfen Ihre Daten nicht f\u00fcr andere Zwecke verwenden.<\/span><\/div>\n<div><b>Ihre Rechte:<\/b><\/div>\n<div>Sie haben das Recht, Ihre pers\u00f6nlichen Daten einzusehen, zu aktualisieren oder zu l\u00f6schen. Um diese Rechte auszu\u00fcben, kontaktieren Sie uns bitte \u00fcber die unten angegebenen Informationen.<\/div>\n<div><span style=\"font-size: 1em; letter-spacing: 0.02px;\">Wir respektieren &#8222;Do Not Track&#8220;-Signale und verfolgen Ihre Online-Aktivit\u00e4ten nicht, wenn Sie diese Funktion in Ihren Browsereinstellungen aktivieren.<\/span><\/div>\n<\/div>\n<div><span style=\"font-size: 1em; letter-spacing: 0.02px;\"> <\/span><\/div>\n<div><strong style=\"font-size: 1em; letter-spacing: 0.02px;\">Wenn Sie den Erhalt zuk\u00fcnftiger E-Mails jederzeit abbestellen m\u00f6chten, k\u00f6nnen Sie uns eine E-Mail an<\/strong><\/div>\n<\/div>\n<div>contact@hawkdivemedia.com und wir werden Sie umgehend aus dem <strong>gesamten<\/strong> Schriftverkehr entfernen.<\/div>\n<div> <\/div>\n<div><strong>Kontaktieren Sie uns<\/strong><\/div>\n<div>\n<p>Wenn Sie Fragen zu dieser Datenschutzerkl\u00e4rung haben, k\u00f6nnen Sie sich mit uns in Verbindung setzen, indem Sie die nachstehenden Informationen verwenden.<\/p>\n<\/div>\n<div><a href=\"https:\/\/www.hawkdivemedia.com\/\"><strong>https:\/\/hawkdivemedia.<\/strong><\/a><b>eu<\/b><\/div>\n<p><strong>E-Mail: <\/strong>contact@hawkdivemedia.com<\/p>\n<div>Zuletzt aktualisiert am 2023-07-24<\/div>\n<\/div>\n\t\t\t\t\t\t<\/div>\n\t\t\t\t<\/div>\n\t\t\t\t\t<\/div>\n\t\t<\/div>\n\t\t\t\t\t<\/div>\n\t\t<\/section>\n\t\t\t\t<\/div>\n\t\t","protected":false},"excerpt":{"rendered":"<p>Datenschutzrichtlinie f\u00fcr Hawkdive Media Kft. Diese Datenschutzrichtlinie wurde erstellt, um denjenigen, die sich Gedanken dar\u00fcber machen, wie ihre &#8222;pers\u00f6nlich identifizierbaren Informationen&#8220; (PII) online verwendet werden, besser zu helfen. PII, wie sie im US-Datenschutzrecht und in der Informationssicherheit beschrieben werden, sind Informationen, die allein oder zusammen mit anderen Informationen verwendet werden k\u00f6nnen, um eine einzelne Person [&hellip;]<\/p>\n","protected":false},"author":1,"featured_media":0,"parent":0,"menu_order":0,"comment_status":"closed","ping_status":"closed","template":"elementor_header_footer","meta":{"footnotes":""},"class_list":["post-11567","page","type-page","status-publish","hentry"],"_links":{"self":[{"href":"https:\/\/hawkdivemedia.eu\/de\/wp-json\/wp\/v2\/pages\/11567","targetHints":{"allow":["GET"]}}],"collection":[{"href":"https:\/\/hawkdivemedia.eu\/de\/wp-json\/wp\/v2\/pages"}],"about":[{"href":"https:\/\/hawkdivemedia.eu\/de\/wp-json\/wp\/v2\/types\/page"}],"author":[{"embeddable":true,"href":"https:\/\/hawkdivemedia.eu\/de\/wp-json\/wp\/v2\/users\/1"}],"replies":[{"embeddable":true,"href":"https:\/\/hawkdivemedia.eu\/de\/wp-json\/wp\/v2\/comments?post=11567"}],"version-history":[{"count":1,"href":"https:\/\/hawkdivemedia.eu\/de\/wp-json\/wp\/v2\/pages\/11567\/revisions"}],"predecessor-version":[{"id":11570,"href":"https:\/\/hawkdivemedia.eu\/de\/wp-json\/wp\/v2\/pages\/11567\/revisions\/11570"}],"wp:attachment":[{"href":"https:\/\/hawkdivemedia.eu\/de\/wp-json\/wp\/v2\/media?parent=11567"}],"curies":[{"name":"wp","href":"https:\/\/api.w.org\/{rel}","templated":true}]}}