{"id":11374,"date":"2023-07-24T14:16:55","date_gmt":"2023-07-24T14:16:55","guid":{"rendered":"https:\/\/hawkdivemedia.eu\/rueckerstattung-und-stornierung\/"},"modified":"2024-02-21T00:04:36","modified_gmt":"2024-02-21T00:04:36","slug":"rueckerstattung-und-stornierung","status":"publish","type":"page","link":"https:\/\/hawkdivemedia.eu\/de\/rueckerstattung-und-stornierung\/","title":{"rendered":"R\u00fcckerstattung und Stornierung"},"content":{"rendered":"\t\t<div data-elementor-type=\"wp-page\" data-elementor-id=\"11374\" class=\"elementor elementor-11374 elementor-9864\">\n\t\t\t\t\t\t<section class=\"elementor-section elementor-top-section elementor-element elementor-element-5ad8363 elementor-section-boxed elementor-section-height-default elementor-section-height-default\" data-id=\"5ad8363\" data-element_type=\"section\" data-settings=\"{&quot;background_background&quot;:&quot;gradient&quot;}\">\n\t\t\t\t\t\t<div class=\"elementor-container elementor-column-gap-default\">\n\t\t\t\t\t<div class=\"elementor-column elementor-col-100 elementor-top-column elementor-element elementor-element-6cf5fc2\" data-id=\"6cf5fc2\" data-element_type=\"column\">\n\t\t\t<div class=\"elementor-widget-wrap elementor-element-populated\">\n\t\t\t\t\t\t<div class=\"elementor-element elementor-element-ec52a04 elementor-widget elementor-widget-text-editor\" data-id=\"ec52a04\" data-element_type=\"widget\" data-widget_type=\"text-editor.default\">\n\t\t\t\t<div class=\"elementor-widget-container\">\n\t\t\t<style>\/*! elementor - v3.22.0 - 26-06-2024 *\/\n.elementor-widget-text-editor.elementor-drop-cap-view-stacked .elementor-drop-cap{background-color:#69727d;color:#fff}.elementor-widget-text-editor.elementor-drop-cap-view-framed .elementor-drop-cap{color:#69727d;border:3px solid;background-color:transparent}.elementor-widget-text-editor:not(.elementor-drop-cap-view-default) .elementor-drop-cap{margin-top:8px}.elementor-widget-text-editor:not(.elementor-drop-cap-view-default) .elementor-drop-cap-letter{width:1em;height:1em}.elementor-widget-text-editor .elementor-drop-cap{float:left;text-align:center;line-height:1;font-size:50px}.elementor-widget-text-editor .elementor-drop-cap-letter{display:inline-block}<\/style>\t\t\t\t<p><strong>R\u00fcckerstattung &amp; Stornierungsbedingungen<\/strong><\/p>\n<\/p>\n<ol>\n<li>Anf\u00e4ngliche Zahlungen f\u00fcr WordPress-Themes, Plugins oder Hosting-Einstellungen werden nicht zur\u00fcckerstattet, da wir diesen Betrag sofort an den Theme-Verk\u00e4ufer oder Hosting-Anbieter zahlen, um dessen Inhalte, Ressourcen oder Hosting-Services zu nutzen, w\u00e4hrend wir an Ihrem Projekt arbeiten. Der Betrag ist in jeder Rechnung, die wir Ihnen zusenden, deutlich angegeben und wird in <strong>Euro<\/strong> oder <strong>US Dollar (USD<\/strong> ) angegeben, sofern nicht anders angegeben.<\/li>\n<li>Wenn Sie einen Vertrag \u00fcber die Entwicklung einer Website k\u00fcndigen m\u00f6chten, bitten wir Sie, uns so schnell wie m\u00f6glich zu informieren. Wir k\u00f6nnen den Vertrag stornieren und Ihnen alle zus\u00e4tzlichen Zahlungen, die Sie f\u00fcr das Projekt geleistet haben, nach Abzug der Kosten f\u00fcr das Thema, das Plugin, die gekaufte Software und\/oder die Hosting-Geb\u00fchren zuz\u00fcglich einer Bearbeitungsgeb\u00fchr von 10 % zur\u00fcckerstatten.<\/li>\n<li>Alle Wartungspakete haben eine Mindestlaufzeit von 6 Monaten, sofern nicht anders angegeben. Der monatliche Wartungsplan ist nur anwendbar, wenn Sie einen Jahresvertrag abschlie\u00dfen, und die Geb\u00fchren werden monatlich gem\u00e4\u00df den mit den Zahlungsgateway-\/Kassendienstanbietern wie PayPal oder Stripe festgelegten Zahlungsbedingungen abgebucht.<\/li>\n<li>Wenn Sie den j\u00e4hrlichen Wartungsvertrag oder den halbj\u00e4hrlichen Vertrag zwischendurch k\u00fcndigen m\u00f6chten, setzen Sie sich bitte mit uns in Verbindung, um uns im Voraus zu informieren. Wir erstatten Ihnen den Betrag anteilig und erheben zus\u00e4tzlich eine Bearbeitungsgeb\u00fchr von 10 %.<\/li>\n<li>Wenn Sie die automatische j\u00e4hrliche Verl\u00e4ngerung k\u00fcndigen m\u00f6chten, informieren Sie uns bitte schriftlich (per E-Mail) mindestens einen Monat vor dem Verl\u00e4ngerungsdatum. Alle Mitteilungen m\u00fcssen an <a href=\"mailto:contact@hawkdivemedia.com\">contact@hawkdivemedia.com<\/a> gesendet werden.<\/li>\n<li>Eine Verwaltungsgeb\u00fchr von 25 \u20ac wird erhoben, wenn Sie die Zahlung nicht rechtzeitig leisten oder den Support-Plan nicht rechtzeitig verl\u00e4ngern. senden wir Ihnen mindestens 7 Tage im Voraus eine Erinnerungs-E-Mail mit einem Link zur Erneuerung Ihres Wartungs- und Supportplans f\u00fcr Ihre Website. Besondere Bed\u00fcrfnisse oder Probleme k\u00f6nnen uns per E-Mail mitgeteilt werden, um Geb\u00fchren f\u00fcr versp\u00e4tete Zahlungen zu vermeiden. Nach Zahlung der Verwaltungsgeb\u00fchr erhalten Sie weitere 15 Tage Zeit, um das Wartungspaket erneut zu verl\u00e4ngern. Wenn Sie die Zahlung nicht innerhalb von 20 Tagen nach Ablauf des Support-Pakets geleistet haben, wird Ihr Support-Paket gek\u00fcndigt.<\/li>\n<li>Bitte beachten Sie, dass das einmal gekaufte PHP-Projekt und die heruntergeladene Datei in keinem Fall zur\u00fcckerstattet werden k\u00f6nnen. Jeder Fehler in der Software oder jede nicht funktionierende Funktion wird von uns unterst\u00fctzt. Bitte wenden Sie sich an uns, wenn Sie Probleme mit dem Programm haben oder Unterst\u00fctzung bei der Einrichtung des Projekts ben\u00f6tigen.<\/li>\n<li>Jede R\u00fcckerstattung oder Stornierung, die Ihnen zugesagt wurde, wird innerhalb von 7 Werktagen bearbeitet, und Sie k\u00f6nnen die Gutschrift innerhalb von 15 Tagen nach Ausstellung der R\u00fcckerstattung von unserer Seite aus erhalten. Es h\u00e4ngt ganz von Ihrem Bankpartner ab, wie schnell er die Transaktion bearbeitet. Wir werden Sie \u00fcber die Erstattungstransaktion benachrichtigen, sobald diese bearbeitet ist.<\/li>\n<\/ol>\n\t\t\t\t\t\t<\/div>\n\t\t\t\t<\/div>\n\t\t\t\t\t<\/div>\n\t\t<\/div>\n\t\t\t\t\t<\/div>\n\t\t<\/section>\n\t\t\t\t<\/div>\n\t\t","protected":false},"excerpt":{"rendered":"<p>R\u00fcckerstattung &amp; Stornierungsbedingungen Anf\u00e4ngliche Zahlungen f\u00fcr WordPress-Themes, Plugins oder Hosting-Einstellungen werden nicht zur\u00fcckerstattet, da wir diesen Betrag sofort an den Theme-Verk\u00e4ufer oder Hosting-Anbieter zahlen, um dessen Inhalte, Ressourcen oder Hosting-Services zu nutzen, w\u00e4hrend wir an Ihrem Projekt arbeiten. Der Betrag ist in jeder Rechnung, die wir Ihnen zusenden, deutlich angegeben und wird in Euro oder [&hellip;]<\/p>\n","protected":false},"author":1,"featured_media":0,"parent":0,"menu_order":0,"comment_status":"closed","ping_status":"closed","template":"elementor_header_footer","meta":{"footnotes":""},"class_list":["post-11374","page","type-page","status-publish","hentry"],"_links":{"self":[{"href":"https:\/\/hawkdivemedia.eu\/de\/wp-json\/wp\/v2\/pages\/11374","targetHints":{"allow":["GET"]}}],"collection":[{"href":"https:\/\/hawkdivemedia.eu\/de\/wp-json\/wp\/v2\/pages"}],"about":[{"href":"https:\/\/hawkdivemedia.eu\/de\/wp-json\/wp\/v2\/types\/page"}],"author":[{"embeddable":true,"href":"https:\/\/hawkdivemedia.eu\/de\/wp-json\/wp\/v2\/users\/1"}],"replies":[{"embeddable":true,"href":"https:\/\/hawkdivemedia.eu\/de\/wp-json\/wp\/v2\/comments?post=11374"}],"version-history":[{"count":1,"href":"https:\/\/hawkdivemedia.eu\/de\/wp-json\/wp\/v2\/pages\/11374\/revisions"}],"predecessor-version":[{"id":11382,"href":"https:\/\/hawkdivemedia.eu\/de\/wp-json\/wp\/v2\/pages\/11374\/revisions\/11382"}],"wp:attachment":[{"href":"https:\/\/hawkdivemedia.eu\/de\/wp-json\/wp\/v2\/media?parent=11374"}],"curies":[{"name":"wp","href":"https:\/\/api.w.org\/{rel}","templated":true}]}}