{"id":11350,"date":"2023-07-24T14:02:51","date_gmt":"2023-07-24T14:02:51","guid":{"rendered":"https:\/\/hawkdivemedia.eu\/bedingungen-und-konditionen\/"},"modified":"2024-02-21T00:04:35","modified_gmt":"2024-02-21T00:04:35","slug":"bedingungen-und-konditionen","status":"publish","type":"page","link":"https:\/\/hawkdivemedia.eu\/de\/bedingungen-und-konditionen\/","title":{"rendered":"Bedingungen und Konditionen"},"content":{"rendered":"\t\t<div data-elementor-type=\"wp-page\" data-elementor-id=\"11350\" class=\"elementor elementor-11350 elementor-9854\">\n\t\t\t\t\t\t<section class=\"elementor-section elementor-top-section elementor-element elementor-element-5ad8363 elementor-section-boxed elementor-section-height-default elementor-section-height-default\" data-id=\"5ad8363\" data-element_type=\"section\" data-settings=\"{&quot;background_background&quot;:&quot;gradient&quot;}\">\n\t\t\t\t\t\t<div class=\"elementor-container elementor-column-gap-default\">\n\t\t\t\t\t<div class=\"elementor-column elementor-col-100 elementor-top-column elementor-element elementor-element-6cf5fc2\" data-id=\"6cf5fc2\" data-element_type=\"column\">\n\t\t\t<div class=\"elementor-widget-wrap elementor-element-populated\">\n\t\t\t\t\t\t<div class=\"elementor-element elementor-element-ec52a04 elementor-widget elementor-widget-text-editor\" data-id=\"ec52a04\" data-element_type=\"widget\" data-widget_type=\"text-editor.default\">\n\t\t\t\t<div class=\"elementor-widget-container\">\n\t\t\t<style>\/*! elementor - v3.22.0 - 26-06-2024 *\/\n.elementor-widget-text-editor.elementor-drop-cap-view-stacked .elementor-drop-cap{background-color:#69727d;color:#fff}.elementor-widget-text-editor.elementor-drop-cap-view-framed .elementor-drop-cap{color:#69727d;border:3px solid;background-color:transparent}.elementor-widget-text-editor:not(.elementor-drop-cap-view-default) .elementor-drop-cap{margin-top:8px}.elementor-widget-text-editor:not(.elementor-drop-cap-view-default) .elementor-drop-cap-letter{width:1em;height:1em}.elementor-widget-text-editor .elementor-drop-cap{float:left;text-align:center;line-height:1;font-size:50px}.elementor-widget-text-editor .elementor-drop-cap-letter{display:inline-block}<\/style>\t\t\t\t<h4><strong>Bedingungen und Konditionen<\/strong><\/h4>\n<p>Bitte lesen Sie unsere Allgemeinen Gesch\u00e4ftsbedingungen sorgf\u00e4ltig durch, da sie einen Vertrag zwischen Ihnen und uns bilden, den Sie in dem Moment akzeptieren, in dem Sie ihn m\u00fcndlich, per E-Mail oder Skype-Nachricht best\u00e4tigen oder eine erste Zahlung auf die Kosten des Projekts leisten.<\/p>\n<p>Wir haben uns bem\u00fcht, diese Allgemeinen Gesch\u00e4ftsbedingungen kurz, leicht verst\u00e4ndlich und so einfach wie m\u00f6glich zu halten. Sollten Sie dennoch Fragen haben, z\u00f6gern Sie bitte nicht, uns zu kontaktieren.<\/p>\n<\/p>\n<h4><strong>Terminologie:<\/strong><\/h4>\n<p><strong>Sie<\/strong> (&#8222;der Kunde&#8220;)<br \/><strong>Wir oder Wir<\/strong> (Hawkdive Media Kft. oder Hawkdive Media, im Folgenden als &#8222;das Unternehmen&#8220; bezeichnet)<br \/><strong>Das Projekt<\/strong> ist die von Ihnen zugewiesene Arbeit, die in der Regel aus mehreren zusammenh\u00e4ngenden Teilen besteht, wie z.B. Beratung, Website-Entwicklung und\/oder -Hosting, Website-Wartung, Thema oder Vorlagen, Plugins von Dritten.<\/p>\n<\/p>\n<h4><strong>Projektbedingungen:<\/strong><\/h4>\n<p><strong>Web-Entwicklung\/Design:<\/strong><\/p>\n<ol>\n<li>Alle Angebote\/Kostenvoranschl\u00e4ge basieren auf den von Ihnen eingereichten Anforderungen und unserem Verst\u00e4ndnis Ihrer Anforderungen innerhalb des vorgegebenen Zeitrahmens. Jegliche Erg\u00e4nzungen oder \u00c4nderungen an der Funktionalit\u00e4t oder dem Layout-Design, Mikro-Verbesserungen, Anforderungen von kostenpflichtigen Plugins k\u00f6nnen dementsprechend zus\u00e4tzliche Kosten verursachen. bitte kl\u00e4ren Sie alle Zweifel oder Zahlungs-\/Kosten-bezogene Fragen mit uns \u00fcber einen Skype-Anruf oder ein pers\u00f6nliches Treffen.<\/li>\n<li><span style=\"font-size: 1em; letter-spacing: 0.02px;\">Mit der Annahme eines Angebots erkl\u00e4ren Sie sich mit den Gesch\u00e4ftsbedingungen von Hawkdive Media einverstanden und akzeptieren diese. Ihre Zustimmung kann m\u00fcndlich, per E-Mail, durch Unterzeichnung eines Kostenvoranschlags oder durch eine erste Zahlung auf die Kosten des Projekts erfolgen.<\/span><\/li>\n<li>  Die Kunden m\u00fcssen klare Vorgaben machen, um Ihre Website in die richtige Richtung zu entwickeln oder zu gestalten. Bitte vergewissern Sie sich, dass wir alle Anforderungen in den Angeboten\/Vorschl\u00e4gen\/Kostenvoranschl\u00e4gen ber\u00fccksichtigt haben, bevor Sie Angebote oder Zahlungsbedingungen akzeptieren. Geben Sie uns auch spezifische Arbeitsabl\u00e4ufe vor, die auf Ihrer Gesch\u00e4ftsnische oder Ihren Anforderungen basieren, damit die Arbeit in die richtige Richtung geht und das Ziel erreicht wird.<\/li>\n<li>Sie werden gebeten, uns die erforderlichen Inhalte wie Texte, Bilder, Videos und andere Informationen zur Verf\u00fcgung zu stellen, die auf der Website ver\u00f6ffentlicht werden sollen. Unsere Website-Entwicklung\/Design-Arbeiten umfassen nicht das Schreiben von Inhalten, die Bearbeitung mehrerer Bilder, Logo-Design, Videoproduktion usw., da sie Teil der separaten Aufgabe und Dienstleistungen sind. Wenn es sich jedoch um kleine \u00c4nderungen an einigen Bildern oder um eine kleine inhaltliche Arbeit handelt, k\u00f6nnen wir dies zusammen mit der Webentwicklung kostenlos anbieten.<\/li>\n<li>Sie sind verpflichtet, den Inhalt auf Grammatik- und Rechtschreibfehler zu \u00fcberpr\u00fcfen, bevor er online geht. Und Sie tragen die Verantwortung f\u00fcr alle Hinweise auf Urheberrechtsverletzungen auf Ihrer Website oder entsprechende Ma\u00dfnahmen. Wir stellen nur kostenlose Bilder zur Verf\u00fcgung, daher sollten die von Ihnen bereitgestellten Bilder und Inhalte einzigartig sein und nicht plagiiert werden.<\/li>\n<li>\u00dcberpr\u00fcfen Sie die von uns vorgelegte Arbeit, geben Sie uns Feedback und zahlen Sie den Restbetrag fristgerecht.<\/li>\n<li>Wenn Sie eine Outsourcing-Agentur oder ein Berater sind, der die Webentwicklungsarbeit an uns auslagert, tragen Sie die Verantwortung f\u00fcr die Bezahlung des Projekts, sobald es abgeschlossen ist. Wir sollten unter keinen Umst\u00e4nden warten oder die erste Partei (den urspr\u00fcnglichen Kunden, mit dem Sie zu tun hatten) bez\u00fcglich der Zahlung kontaktieren. Und Sie sollten die Zahlung p\u00fcnktlich leisten. Wir arbeiten nach bestem Wissen und Gewissen und verlassen uns darauf, dass Sie uns zum Zeitpunkt der Angebotsabgabe alle Informationen zur Verf\u00fcgung stellen.<\/li>\n<li>Wir bieten Ihnen einen kostenlosen einmonatigen Support zur Bedienung der Website an oder machen Sie mit den Features und Funktionen vertraut. Geringf\u00fcgige \u00c4nderungen an der Website werden von uns ebenfalls kostenlos \u00fcbernommen, wenn die Behebung nicht mehr als eine Stunde in Anspruch nimmt.<\/li>\n<li>Jegliche Verz\u00f6gerungen auf Ihrer Seite, wie z. B. eine versp\u00e4tete Bereitstellung der erforderlichen Informationen, k\u00f6nnen das Projekt und den vorgeschlagenen Zeitrahmen verz\u00f6gern.<\/li>\n<li>F\u00fcr Bugs (Programmierfehler), die w\u00e4hrend oder kurz nach der Entwicklung gemeldet werden, fallen keine zus\u00e4tzlichen Kosten an. Wir \u00fcbernehmen keine Garantie f\u00fcr die Kompatibilit\u00e4t mit veralteter oder redundanter Browser-Software.<\/li>\n<li>F\u00fcr jede Nacharbeit an einer bereits abgeschlossenen Aufgabe fallen zus\u00e4tzliche Kosten an. Bei wesentlichen \u00c4nderungen des Layouts\/Designs nach der Entwurfsgenehmigung fallen zus\u00e4tzliche Kosten an.<\/li>\n<li>Wenn Sie das Projekt zu irgendeinem Zeitpunkt w\u00e4hrend des laufenden Projekts stornieren oder das Projekt auf Eis legen m\u00f6chten, bitten wir Sie, uns mindestens 15 Tage im Voraus zu informieren. Falls das Projekt bereits begonnen hat und mehr als eine Woche vergangen ist und Sie das Projekt abbrechen m\u00f6chten. k\u00f6nnen wir Ihnen die von Ihnen geleistete erste Zahlung nicht zur\u00fcckerstatten. In einigen F\u00e4llen, in denen Sie mehr als die von uns aufgewendeten Kosten und den Zeitaufwand bezahlt haben, k\u00f6nnen wir den Fall jedoch analysieren und Ihnen eine teilweise R\u00fcckerstattung gew\u00e4hren, die von Fall zu Fall gilt.<\/li>\n<li>Unsere Website-Designs sind vollst\u00e4ndig responsive und wurden auf Desktops mit einer Aufl\u00f6sung von 1920 x 1080 Pixeln, iPhone, iPad, Samsung Galaxy Tab und Galaxy S5 getestet. Wenn Sie eine \u00dcberpr\u00fcfung auf einem bestimmten Ger\u00e4t w\u00fcnschen, besprechen Sie dies bitte im Voraus.<\/li>\n<li>Die Kosten f\u00fcr die Entwicklung\/Design einer Website beinhalten nicht die Registrierung oder Erneuerung der Domain. Hosting-Geb\u00fchren, sofern nicht anders angegeben.<\/li>\n<li>Wir empfehlen Ihnen, eine Sicherungskopie Ihrer Website und Ihrer Datenbank zu erstellen, nachdem wir das Projekt abgeschlossen haben. Wir sind nicht verantwortlich f\u00fcr unvorhergesehene Umst\u00e4nde oder Probleme, die durch Ihren Hosting-Service verursacht werden, oder f\u00fcr den Verlust von Daten, der durch die K\u00fcndigung oder Aussetzung des Hostings verursacht wird.<\/li>\n<li>Landing Pages und Promotional Website Design Dienstleistungen berechtigt 1 kostenlose Revision, mehr als eine Revision kostet zus\u00e4tzliche Geb\u00fchren, die Ihnen im Voraus mitgeteilt werden.<\/li>\n<li>F\u00fcr normale Website-Design-Projekt, erhalten Sie 3 kostenlose Revisionen, mehr als drei Revisionen werden zus\u00e4tzliche Kosten, die Ihnen im Voraus informiert werden, bevor Sie fortfahren.<\/li>\n<\/ol>\n<h4><strong>Grundlegende Bedingungen f\u00fcr das j\u00e4hrliche Wartungspaket:<\/strong><\/h4>\n<ol>\n<li>Bitte beachten Sie, dass unser Support TAT ist innerhalb von 24 &#8211; 48 Arbeitsstunden, so dass alle Ihre Anfrage oder Anfrage wird innerhalb von 24-48 Arbeitsstunden erf\u00fcllt werden. Wir bieten jedoch sofortige Unterst\u00fctzung, und in den meisten F\u00e4llen erhalten Sie die L\u00f6sung innerhalb von ein oder zwei Stunden. Sollte das Problem so komplex sein, dass zus\u00e4tzliche Stunden ben\u00f6tigt werden, werden wir Sie schriftlich oder m\u00fcndlich dar\u00fcber informieren.<\/li>\n<li>Alle Wartungspakete haben eine Mindestlaufzeit von 6 Monaten, sofern nicht anders angegeben. Der monatliche Wartungsplan ist nur anwendbar, wenn Sie einen Jahresvertrag abschlie\u00dfen. Die Geb\u00fchren werden monatlich gem\u00e4\u00df den mit den Zahlungsgateway-\/Kassendienstanbietern wie PayPal oder Stripe festgelegten Zahlungsbedingungen abgebucht.<\/li>\n<li>Dies beinhaltet eine unbegrenzte Unterst\u00fctzung bei Problemen im Zusammenhang mit der Website, bei Softwarefehlern und bei kleinen \u00c4nderungen an der Website, sofern die Aufgabe maximal 2 Stunden pro Tag in Anspruch nimmt.<\/li>\n<li>Website-Wartungspakete sind nur f\u00fcr die Wartung von Websites gedacht. Die Stunden k\u00f6nnen nicht f\u00fcr Projekte wie eine vollst\u00e4ndige Neugestaltung, mehrere Produkt-Uploads oder gr\u00f6\u00dfere Funktionserweiterungen verwendet werden.<\/li>\n<li>Das Website-Wartungspaket beinhaltet keine Gesch\u00e4ftsanalyse, SEO, digitales Marketing oder Unterst\u00fctzung f\u00fcr Social-Media-Seiten.<\/li>\n<li>Wenn Sie den j\u00e4hrlichen Wartungsvertrag oder den halbj\u00e4hrlichen Vertrag zwischendurch k\u00fcndigen m\u00f6chten, setzen Sie sich bitte mit uns in Verbindung, um uns im Voraus zu informieren. Wir erstatten Ihnen den Betrag anteilig und erheben zus\u00e4tzlich eine Bearbeitungsgeb\u00fchr von 10 %.<\/li>\n<li>F\u00fcr jede zus\u00e4tzliche Funktion oder Design\u00e4nderung k\u00f6nnen von Fall zu Fall zus\u00e4tzliche Geb\u00fchren anfallen.<\/li>\n<li>Wenn Sie die automatische j\u00e4hrliche Verl\u00e4ngerung k\u00fcndigen m\u00f6chten, informieren Sie uns bitte schriftlich (per E-Mail) mindestens einen Monat vor dem Verl\u00e4ngerungsdatum.<\/li>\n<li>Supportanfragen k\u00f6nnen per E-Mail an <a href=\"mailto:contact@hawkdivemedia.com\">contact@hawkdivemedia.com<\/a> oder per Skype &#8211; <a href=\"skype:Live:hawkdivetech?call\">Live:hawkdivetech<\/a>&#8211; gestellt werden.<\/li>\n<li>Eine Verwaltungsgeb\u00fchr von 25 \u20ac wird erhoben, wenn Sie die Zahlung nicht fristgerecht leisten oder den Support-Plan nicht rechtzeitig verl\u00e4ngern. senden wir Ihnen mindestens 7 Tage im Voraus eine Erinnerungs-E-Mail mit einem Link zur Erneuerung Ihres Wartungs- und Supportplans f\u00fcr Ihre Website. Besondere Bed\u00fcrfnisse oder Probleme k\u00f6nnen uns per E-Mail mitgeteilt werden, um Geb\u00fchren f\u00fcr versp\u00e4tete Zahlungen zu vermeiden.<\/li>\n<\/ol>\n<h4><strong>PHP- oder Python-Bildungsprojekte:<\/strong><\/h4>\n<ol>\n<li>PHP-Projekte dienen nur zu Lernzwecken und sind f\u00fcr Sch\u00fcler und Studenten gedacht, um ihnen eine Vorstellung davon zu vermitteln, wie ein Projekt gestaltet werden kann. Jegliche professionelle Nutzung, Modifikation oder zus\u00e4tzliche Funktionalit\u00e4t\/Features oder \u00c4nderungen sind nicht abgedeckt, jedoch k\u00f6nnen Sie solche \u00c4nderungen anfordern, die zus\u00e4tzliche Kosten verursachen k\u00f6nnen.<\/li>\n<li>Bitte beachten Sie, dass das einmal gekaufte Projekt und die heruntergeladene Datei in keinem Fall zur\u00fcckerstattet werden k\u00f6nnen, egal was passiert.<\/li>\n<li>Jeder Fehler im Projekt oder Hilfe bei der Einrichtung wird unterst\u00fctzt. Sie k\u00f6nnen uns per E-Mail unter <a href=\"mailto:contact@hawkdivemedia.com\">contact@hawkdivemedia.com<\/a> oder per Skype kontaktieren &#8211; <a href=\"skype:Live:hawkdivetech?call\">Live:hawkdivetech<\/a><\/li>\n<\/ol>\n<h4><strong>\u00c4nderungen dieser Bedingungen und Konditionen:<\/strong><\/h4>\n<p>Hawkdive Media beh\u00e4lt sich das Recht vor, jede Bestimmung dieser Allgemeinen Gesch\u00e4ftsbedingungen jederzeit und ohne Vorank\u00fcndigung zu \u00e4ndern oder zu modifizieren. Das Ausbleiben einer \u00c4nderungsmitteilung hat nicht zur Folge, dass diese \u00c4nderungen ung\u00fcltig werden. Jede \u00c4nderung der Allgemeinen Gesch\u00e4ftsbedingungen wird immer sofort auf dieser Seite aktualisiert.<\/p>\n\t\t\t\t\t\t<\/div>\n\t\t\t\t<\/div>\n\t\t\t\t\t<\/div>\n\t\t<\/div>\n\t\t\t\t\t<\/div>\n\t\t<\/section>\n\t\t\t\t<\/div>\n\t\t","protected":false},"excerpt":{"rendered":"<p>Bedingungen und Konditionen Bitte lesen Sie unsere Allgemeinen Gesch\u00e4ftsbedingungen sorgf\u00e4ltig durch, da sie einen Vertrag zwischen Ihnen und uns bilden, den Sie in dem Moment akzeptieren, in dem Sie ihn m\u00fcndlich, per E-Mail oder Skype-Nachricht best\u00e4tigen oder eine erste Zahlung auf die Kosten des Projekts leisten. Wir haben uns bem\u00fcht, diese Allgemeinen Gesch\u00e4ftsbedingungen kurz, leicht [&hellip;]<\/p>\n","protected":false},"author":1,"featured_media":0,"parent":0,"menu_order":0,"comment_status":"closed","ping_status":"closed","template":"elementor_header_footer","meta":{"footnotes":""},"class_list":["post-11350","page","type-page","status-publish","hentry"],"_links":{"self":[{"href":"https:\/\/hawkdivemedia.eu\/de\/wp-json\/wp\/v2\/pages\/11350","targetHints":{"allow":["GET"]}}],"collection":[{"href":"https:\/\/hawkdivemedia.eu\/de\/wp-json\/wp\/v2\/pages"}],"about":[{"href":"https:\/\/hawkdivemedia.eu\/de\/wp-json\/wp\/v2\/types\/page"}],"author":[{"embeddable":true,"href":"https:\/\/hawkdivemedia.eu\/de\/wp-json\/wp\/v2\/users\/1"}],"replies":[{"embeddable":true,"href":"https:\/\/hawkdivemedia.eu\/de\/wp-json\/wp\/v2\/comments?post=11350"}],"version-history":[{"count":1,"href":"https:\/\/hawkdivemedia.eu\/de\/wp-json\/wp\/v2\/pages\/11350\/revisions"}],"predecessor-version":[{"id":11359,"href":"https:\/\/hawkdivemedia.eu\/de\/wp-json\/wp\/v2\/pages\/11350\/revisions\/11359"}],"wp:attachment":[{"href":"https:\/\/hawkdivemedia.eu\/de\/wp-json\/wp\/v2\/media?parent=11350"}],"curies":[{"name":"wp","href":"https:\/\/api.w.org\/{rel}","templated":true}]}}